{"id":10,"date":"2014-04-17T09:50:53","date_gmt":"2014-04-17T06:50:53","guid":{"rendered":"http:\/\/www.lampohuolto.fi\/uusisivupohja\/?page_id=10"},"modified":"2026-03-31T14:56:58","modified_gmt":"2026-03-31T11:56:58","slug":"yritysesittely","status":"publish","type":"page","link":"https:\/\/www.lampohuolto.fi\/?page_id=10","title":{"rendered":"Yritysesittely"},"content":{"rendered":"<p>Kauhajoen L\u00e4mp\u00f6huolto Oy on Kauhajoen kaupungin omistama kaukol\u00e4mm\u00f6n toimittaja sek\u00e4 kaukol\u00e4mp\u00f6verkon yll\u00e4pit\u00e4j\u00e4.<\/p>\n<p><em>Kauhajoen L\u00e4mp\u00f6huolto Oy tarjoaa l\u00e4mm\u00f6ntuottoa- sek\u00e4 jakelua turvallisesti ja edullisesti, luontoa unohtamatta.<\/em><\/p>\n<p><strong>Henkil\u00f6st\u00f6<\/strong><\/p>\n<table border=\"0\" width=\"474\" cellspacing=\"0\" cellpadding=\"0\">\n<tbody>\n<tr>\n<td><b>Toimisto:<\/b><\/td>\n<td><\/td>\n<td><\/td>\n<\/tr>\n<tr>\n<td>Suonvieri, Tapio<\/td>\n<td>toimitusjohtaja<\/td>\n<td>050 575 9842<\/td>\n<\/tr>\n<tr>\n<td>Pitk\u00e4ranta, Maarit<\/td>\n<td>toimistonhoitaja<\/td>\n<td>050 528 5501<\/td>\n<\/tr>\n<tr>\n<td><strong>Lamp\u00f6laitos:<\/strong><\/td>\n<td><\/td>\n<td><\/td>\n<\/tr>\n<tr valign=\"top\">\n<td>Vesala, Jani<\/td>\n<td>B-koneenhoitaja<\/td>\n<td>050 530 0499<\/td>\n<\/tr>\n<tr>\n<td>Latva-Koski, Kari<\/td>\n<td>ty\u00f6njohtaja<\/td>\n<td>040 557 0743<\/td>\n<\/tr>\n<tr>\n<td>Rintala, Joonas<\/td>\n<td>B-koneenhoitaja<\/td>\n<td><\/td>\n<\/tr>\n<tr>\n<td>Yli-Sepp\u00e4nen, Nico<\/td>\n<td>Alikonemestari, laitosmies<\/td>\n<td>0400 617933<\/td>\n<\/tr>\n<tr>\n<td>Huuskonen, Janne<\/td>\n<td>Alikonemestari, s\u00e4hk\u00f6mies, laitosmies<\/td>\n<td>040 592 2080<\/td>\n<\/tr>\n<\/tbody>\n<\/table>\n<p><strong>Omistuspohja<\/strong><\/p>\n<table border=\"0\" width=\"100%\" cellspacing=\"0\" cellpadding=\"0\">\n<tbody>\n<tr>\n<td><em>Omistajat<\/em><\/td>\n<td><em>osakkeet (lkm.)<\/em><\/td>\n<td><em>%-osuus<\/em><\/td>\n<\/tr>\n<tr>\n<td>Kauhajoen kaupunki<\/td>\n<td>650<\/td>\n<td>100<\/td>\n<\/tr>\n<tr>\n<td><em>Yhteens\u00e4<\/em><\/td>\n<td><em>650<\/em><\/td>\n<td><em>100<\/em><\/td>\n<\/tr>\n<\/tbody>\n<\/table>\n","protected":false},"excerpt":{"rendered":"<p>Kauhajoen L\u00e4mp\u00f6huolto Oy on Kauhajoen kaupungin omistama kaukol\u00e4mm\u00f6n toimittaja sek\u00e4 kaukol\u00e4mp\u00f6verkon yll\u00e4pit\u00e4j\u00e4. Kauhajoen L\u00e4mp\u00f6huolto Oy tarjoaa l\u00e4mm\u00f6ntuottoa- sek\u00e4 jakelua turvallisesti ja edullisesti, luontoa unohtamatta. Henkil\u00f6st\u00f6 Toimisto: Suonvieri, Tapio toimitusjohtaja 050 575 9842 Pitk\u00e4ranta, Maarit toimistonhoitaja 050 528 5501 Lamp\u00f6laitos: Vesala, Jani B-koneenhoitaja 050 530 0499 Latva-Koski, Kari ty\u00f6njohtaja 040 557 0743 Rintala, Joonas B-koneenhoitaja Yli-Sepp\u00e4nen, &hellip; <a href=\"https:\/\/www.lampohuolto.fi\/?page_id=10\" class=\"more-link\">Jatka lukemista <span class=\"screen-reader-text\">Yritysesittely<\/span> <span class=\"meta-nav\">&rarr;<\/span><\/a><\/p>\n","protected":false},"author":1,"featured_media":0,"parent":62,"menu_order":0,"comment_status":"closed","ping_status":"closed","template":"page-templates\/real-full-width.php","meta":{"footnotes":""},"class_list":["post-10","page","type-page","status-publish","hentry"],"_links":{"self":[{"href":"https:\/\/www.lampohuolto.fi\/index.php?rest_route=\/wp\/v2\/pages\/10","targetHints":{"allow":["GET"]}}],"collection":[{"href":"https:\/\/www.lampohuolto.fi\/index.php?rest_route=\/wp\/v2\/pages"}],"about":[{"href":"https:\/\/www.lampohuolto.fi\/index.php?rest_route=\/wp\/v2\/types\/page"}],"author":[{"embeddable":true,"href":"https:\/\/www.lampohuolto.fi\/index.php?rest_route=\/wp\/v2\/users\/1"}],"replies":[{"embeddable":true,"href":"https:\/\/www.lampohuolto.fi\/index.php?rest_route=%2Fwp%2Fv2%2Fcomments&post=10"}],"version-history":[{"count":29,"href":"https:\/\/www.lampohuolto.fi\/index.php?rest_route=\/wp\/v2\/pages\/10\/revisions"}],"predecessor-version":[{"id":1104,"href":"https:\/\/www.lampohuolto.fi\/index.php?rest_route=\/wp\/v2\/pages\/10\/revisions\/1104"}],"up":[{"embeddable":true,"href":"https:\/\/www.lampohuolto.fi\/index.php?rest_route=\/wp\/v2\/pages\/62"}],"wp:attachment":[{"href":"https:\/\/www.lampohuolto.fi\/index.php?rest_route=%2Fwp%2Fv2%2Fmedia&parent=10"}],"curies":[{"name":"wp","href":"https:\/\/api.w.org\/{rel}","templated":true}]}}