{"id":17,"date":"2014-04-17T09:57:09","date_gmt":"2014-04-17T06:57:09","guid":{"rendered":"http:\/\/www.lampohuolto.fi\/uusisivupohja\/?page_id=17"},"modified":"2019-03-28T15:54:50","modified_gmt":"2019-03-28T13:54:50","slug":"verkosto","status":"publish","type":"page","link":"https:\/\/www.lampohuolto.fi\/?page_id=17","title":{"rendered":"Verkosto"},"content":{"rendered":"<p>&nbsp;<\/p>\n<p style=\"text-align: center;\"><strong>Verkosto ja verkon rakentaminen<\/strong><\/p>\n<p>Kaukol\u00e4mp\u00f6verkostoa rakennettiin vuonna 2018 lis\u00e4\u00e4 noin 200 m. Verkoston kokonaispituus on t\u00e4m\u00e4n j\u00e4lkeen noin 65,9 km ja tiheys 38,1 m\u00b3\/m<\/p>\n<p><strong><a href=\"https:\/\/www.lampohuolto.fi\/wp-content\/uploads\/2019\/03\/Verkoston-pituus.gif\"><img loading=\"lazy\" decoding=\"async\" class=\"wp-image-763 size-medium aligncenter\" src=\"https:\/\/www.lampohuolto.fi\/wp-content\/uploads\/2019\/03\/Verkoston-pituus-300x225.gif\" alt=\"\" width=\"300\" height=\"225\" srcset=\"https:\/\/www.lampohuolto.fi\/wp-content\/uploads\/2019\/03\/Verkoston-pituus-300x225.gif 300w, https:\/\/www.lampohuolto.fi\/wp-content\/uploads\/2019\/03\/Verkoston-pituus-768x576.gif 768w\" sizes=\"auto, (max-width: 300px) 100vw, 300px\" \/><\/a><\/strong><\/p>\n<p style=\"text-align: left;\"><strong>Asiakkaat<\/strong><br \/>\nAsiakkaita kaukol\u00e4mm\u00f6n piiriss\u00e4 oli vuoden 2018 lopussa yhteens\u00e4 584. Rakennustilavuus oli yhteens\u00e4 2 511 941 m\u00b3. Uusia asiakkaita liittyi kaukol\u00e4mp\u00f6\u00f6n 7 kpl.<a href=\"https:\/\/www.lampohuolto.fi\/wp-content\/uploads\/2019\/03\/Rakennuskuutiot.gif\"><img loading=\"lazy\" decoding=\"async\" class=\"wp-image-764 size-medium aligncenter\" src=\"https:\/\/www.lampohuolto.fi\/wp-content\/uploads\/2019\/03\/Rakennuskuutiot-300x225.gif\" alt=\"\" width=\"300\" height=\"225\" srcset=\"https:\/\/www.lampohuolto.fi\/wp-content\/uploads\/2019\/03\/Rakennuskuutiot-300x225.gif 300w, https:\/\/www.lampohuolto.fi\/wp-content\/uploads\/2019\/03\/Rakennuskuutiot-768x576.gif 768w\" sizes=\"auto, (max-width: 300px) 100vw, 300px\" \/><\/a><\/p>\n<p><a href=\"https:\/\/www.lampohuolto.fi\/wp-content\/uploads\/2019\/03\/Rakennustiheys.gif\"><img loading=\"lazy\" decoding=\"async\" class=\"wp-image-762 size-medium aligncenter\" src=\"https:\/\/www.lampohuolto.fi\/wp-content\/uploads\/2019\/03\/Rakennustiheys-300x225.gif\" alt=\"\" width=\"300\" height=\"225\" srcset=\"https:\/\/www.lampohuolto.fi\/wp-content\/uploads\/2019\/03\/Rakennustiheys-300x225.gif 300w, https:\/\/www.lampohuolto.fi\/wp-content\/uploads\/2019\/03\/Rakennustiheys-768x576.gif 768w\" sizes=\"auto, (max-width: 300px) 100vw, 300px\" \/><\/a><\/p>\n","protected":false},"excerpt":{"rendered":"<p>&nbsp; Verkosto ja verkon rakentaminen Kaukol\u00e4mp\u00f6verkostoa rakennettiin vuonna 2018 lis\u00e4\u00e4 noin 200 m. Verkoston kokonaispituus on t\u00e4m\u00e4n j\u00e4lkeen noin 65,9 km ja tiheys 38,1 m\u00b3\/m Asiakkaat Asiakkaita kaukol\u00e4mm\u00f6n piiriss\u00e4 oli vuoden 2018 lopussa yhteens\u00e4 584. Rakennustilavuus oli yhteens\u00e4 2 511 941 m\u00b3. Uusia asiakkaita liittyi kaukol\u00e4mp\u00f6\u00f6n 7 kpl.<\/p>\n","protected":false},"author":1,"featured_media":0,"parent":62,"menu_order":0,"comment_status":"closed","ping_status":"closed","template":"page-templates\/real-full-width.php","meta":{"footnotes":""},"class_list":["post-17","page","type-page","status-publish","hentry"],"_links":{"self":[{"href":"https:\/\/www.lampohuolto.fi\/index.php?rest_route=\/wp\/v2\/pages\/17","targetHints":{"allow":["GET"]}}],"collection":[{"href":"https:\/\/www.lampohuolto.fi\/index.php?rest_route=\/wp\/v2\/pages"}],"about":[{"href":"https:\/\/www.lampohuolto.fi\/index.php?rest_route=\/wp\/v2\/types\/page"}],"author":[{"embeddable":true,"href":"https:\/\/www.lampohuolto.fi\/index.php?rest_route=\/wp\/v2\/users\/1"}],"replies":[{"embeddable":true,"href":"https:\/\/www.lampohuolto.fi\/index.php?rest_route=%2Fwp%2Fv2%2Fcomments&post=17"}],"version-history":[{"count":31,"href":"https:\/\/www.lampohuolto.fi\/index.php?rest_route=\/wp\/v2\/pages\/17\/revisions"}],"predecessor-version":[{"id":778,"href":"https:\/\/www.lampohuolto.fi\/index.php?rest_route=\/wp\/v2\/pages\/17\/revisions\/778"}],"up":[{"embeddable":true,"href":"https:\/\/www.lampohuolto.fi\/index.php?rest_route=\/wp\/v2\/pages\/62"}],"wp:attachment":[{"href":"https:\/\/www.lampohuolto.fi\/index.php?rest_route=%2Fwp%2Fv2%2Fmedia&parent=17"}],"curies":[{"name":"wp","href":"https:\/\/api.w.org\/{rel}","templated":true}]}}