{"id":170,"date":"2014-08-06T14:29:04","date_gmt":"2014-08-06T11:29:04","guid":{"rendered":"http:\/\/www.lampohuolto.fi\/?page_id=170"},"modified":"2024-02-01T11:06:13","modified_gmt":"2024-02-01T09:06:13","slug":"lammonkayttotiedot","status":"publish","type":"page","link":"https:\/\/www.lampohuolto.fi\/?page_id=170","title":{"rendered":"Oma l\u00e4mm\u00f6nk\u00e4ytt\u00f6"},"content":{"rendered":"<p>Nyt p\u00e4\u00e4set n\u00e4kem\u00e4\u00e4n l\u00e4mm\u00f6n k\u00e4ytt\u00f6tietojasi netiss\u00e4 osoitteessa<\/p>\n<p><a href=\"https:\/\/kauhajoki.kulutustieto.fi\/\">https:\/\/kauhajoki.kulutustieto.fi<\/a><\/p>\n<p>Tarvitset viimeisimm\u00e4lt\u00e4 laskulta asiakasnumeron ja mittarinumeron.<\/p>\n<p>Sy\u00f6t\u00e4 haluttu aikav\u00e4li Alkuvuosi ja Loppuvuosi -kenttiin ja paina Hae tiedot -painiketta saadaksesi palkit n\u00e4kyviin.<\/p>\n<p>Voit my\u00f6s luoda omat tunnukset saadaksesi tarkempaa tietoa. Sit\u00e4 varten tarvitset laskulta asiakasnumeron ja mittarin numeron lis\u00e4ksi my\u00f6s viitenumeron.<\/p>\n<p>Raportointiin p\u00e4\u00e4see valitsemalla sivun vasemman reunan valikosta <strong>Raportointi <\/strong>(kuukausikohtainen vuosiraportti \/ vuosikulutusraportti)<\/p>\n","protected":false},"excerpt":{"rendered":"<p>Nyt p\u00e4\u00e4set n\u00e4kem\u00e4\u00e4n l\u00e4mm\u00f6n k\u00e4ytt\u00f6tietojasi netiss\u00e4 osoitteessa https:\/\/kauhajoki.kulutustieto.fi Tarvitset viimeisimm\u00e4lt\u00e4 laskulta asiakasnumeron ja mittarinumeron. Sy\u00f6t\u00e4 haluttu aikav\u00e4li Alkuvuosi ja Loppuvuosi -kenttiin ja paina Hae tiedot -painiketta saadaksesi palkit n\u00e4kyviin. Voit my\u00f6s luoda omat tunnukset saadaksesi tarkempaa tietoa. Sit\u00e4 varten tarvitset laskulta asiakasnumeron ja mittarin numeron lis\u00e4ksi my\u00f6s viitenumeron. Raportointiin p\u00e4\u00e4see valitsemalla sivun vasemman reunan valikosta &hellip; <a href=\"https:\/\/www.lampohuolto.fi\/?page_id=170\" class=\"more-link\">Jatka lukemista <span class=\"screen-reader-text\">Oma l\u00e4mm\u00f6nk\u00e4ytt\u00f6<\/span> <span class=\"meta-nav\">&rarr;<\/span><\/a><\/p>\n","protected":false},"author":1,"featured_media":0,"parent":62,"menu_order":0,"comment_status":"closed","ping_status":"closed","template":"page-templates\/real-full-width.php","meta":{"footnotes":""},"class_list":["post-170","page","type-page","status-publish","hentry"],"_links":{"self":[{"href":"https:\/\/www.lampohuolto.fi\/index.php?rest_route=\/wp\/v2\/pages\/170","targetHints":{"allow":["GET"]}}],"collection":[{"href":"https:\/\/www.lampohuolto.fi\/index.php?rest_route=\/wp\/v2\/pages"}],"about":[{"href":"https:\/\/www.lampohuolto.fi\/index.php?rest_route=\/wp\/v2\/types\/page"}],"author":[{"embeddable":true,"href":"https:\/\/www.lampohuolto.fi\/index.php?rest_route=\/wp\/v2\/users\/1"}],"replies":[{"embeddable":true,"href":"https:\/\/www.lampohuolto.fi\/index.php?rest_route=%2Fwp%2Fv2%2Fcomments&post=170"}],"version-history":[{"count":10,"href":"https:\/\/www.lampohuolto.fi\/index.php?rest_route=\/wp\/v2\/pages\/170\/revisions"}],"predecessor-version":[{"id":1057,"href":"https:\/\/www.lampohuolto.fi\/index.php?rest_route=\/wp\/v2\/pages\/170\/revisions\/1057"}],"up":[{"embeddable":true,"href":"https:\/\/www.lampohuolto.fi\/index.php?rest_route=\/wp\/v2\/pages\/62"}],"wp:attachment":[{"href":"https:\/\/www.lampohuolto.fi\/index.php?rest_route=%2Fwp%2Fv2%2Fmedia&parent=170"}],"curies":[{"name":"wp","href":"https:\/\/api.w.org\/{rel}","templated":true}]}}