{"id":193,"date":"2014-08-11T14:43:50","date_gmt":"2014-08-11T11:43:50","guid":{"rendered":"http:\/\/www.lampohuolto.fi\/?page_id=193"},"modified":"2021-07-17T14:32:20","modified_gmt":"2021-07-17T11:32:20","slug":"2016-2020","status":"publish","type":"page","link":"https:\/\/www.lampohuolto.fi\/?page_id=193","title":{"rendered":"2016-2020"},"content":{"rendered":"<h3>L\u00e4mmitystarveluvut kuukausittain<\/h3>\n<h3>2016<\/h3>\n<p>tammikuu 872,7<br \/>\nhelmikuu 566,0<br \/>\nmaaliskuu 546,1<br \/>\nhuhtikuu 410,3<br \/>\ntoukokuu 94,7<br \/>\nkes\u00e4kuu 44,5<br \/>\nhein\u00e4kuu 0<br \/>\nelokuu 29,2<br \/>\nsyyskuu 138,9<br \/>\nlokakuu 439,5<br \/>\nmarraskuu 567,7<br \/>\njoulukuu 595,1<\/p>\n<h3>2017<\/h3>\n<p>tammikuu 625,9<br \/>\nhelmikuu 607,5<br \/>\nmaaliskuu 544,5<br \/>\nhuhtikuu 487,2<br \/>\ntoukokuu 254,0<br \/>\nkes\u00e4kuu 47,5<br \/>\nhein\u00e4kuu 14,8<br \/>\nelokuu 14,0<br \/>\nsyyskuu 200,6<br \/>\nlokakuu 415,6<br \/>\nmarraskuu 467,7<br \/>\njoulukuu 564,9<\/p>\n<h3>2018<\/h3>\n<p>tammikuu 676,6<br \/>\nhelmikuu 766,2<br \/>\nmaaliskuu 729,9<br \/>\nhuhtikuu 405,2<br \/>\ntoukokuu 51,6<br \/>\nkes\u00e4kuu 41,3<br \/>\nhein\u00e4kuu 0,0<br \/>\nelokuu 0,0<br \/>\nsyyskuu 139,3<br \/>\nlokakuu 359,0<br \/>\nmarraskuu 467,5<br \/>\njoulukuu 609,6<\/p>\n<h3>2019<\/h3>\n<p>tammikuu 761,0<br \/>\nhelmikuu 558,4<br \/>\nmaaliskuu 589,7<br \/>\nhuhtikuu 317,1<br \/>\ntoukokuu 197,5<br \/>\nkes\u00e4kuu 7,4<br \/>\nhein\u00e4kuu 23,1<br \/>\nelokuu 19,7<br \/>\nsyyskuu 221,0<br \/>\nlokakuu 434,2<br \/>\nmarraskuu 548,2<br \/>\njoulukuu 545,4<\/p>\n<h3>2020<\/h3>\n<p>tammikuu 507,2<br \/>\nhelmikuu 539,2<br \/>\nmaaliskuu 534,7<br \/>\nhuhtikuu 429,5<br \/>\ntoukokuu 253,1<br \/>\nkes\u00e4kuu 0,0<br \/>\nhein\u00e4kuu 23,4<br \/>\nelokuu 31,7<br \/>\nsyyskuu 135,8<br \/>\nlokakuu 316,5<br \/>\nmarraskuu 418,4<br \/>\njoulukuu 534,0<\/p>\n<p>&nbsp;<\/p>\n","protected":false},"excerpt":{"rendered":"<p>L\u00e4mmitystarveluvut kuukausittain 2016 tammikuu 872,7 helmikuu 566,0 maaliskuu 546,1 huhtikuu 410,3 toukokuu 94,7 kes\u00e4kuu 44,5 hein\u00e4kuu 0 elokuu 29,2 syyskuu 138,9 lokakuu 439,5 marraskuu 567,7 joulukuu 595,1 2017 tammikuu 625,9 helmikuu 607,5 maaliskuu 544,5 huhtikuu 487,2 toukokuu 254,0 kes\u00e4kuu 47,5 hein\u00e4kuu 14,8 elokuu 14,0 syyskuu 200,6 lokakuu 415,6 marraskuu 467,7 joulukuu 564,9 2018 tammikuu 676,6 &hellip; <a href=\"https:\/\/www.lampohuolto.fi\/?page_id=193\" class=\"more-link\">Jatka lukemista <span class=\"screen-reader-text\">2016-2020<\/span> <span class=\"meta-nav\">&rarr;<\/span><\/a><\/p>\n","protected":false},"author":1,"featured_media":0,"parent":22,"menu_order":0,"comment_status":"closed","ping_status":"closed","template":"page-templates\/real-full-width.php","meta":{"footnotes":""},"class_list":["post-193","page","type-page","status-publish","hentry"],"_links":{"self":[{"href":"https:\/\/www.lampohuolto.fi\/index.php?rest_route=\/wp\/v2\/pages\/193","targetHints":{"allow":["GET"]}}],"collection":[{"href":"https:\/\/www.lampohuolto.fi\/index.php?rest_route=\/wp\/v2\/pages"}],"about":[{"href":"https:\/\/www.lampohuolto.fi\/index.php?rest_route=\/wp\/v2\/types\/page"}],"author":[{"embeddable":true,"href":"https:\/\/www.lampohuolto.fi\/index.php?rest_route=\/wp\/v2\/users\/1"}],"replies":[{"embeddable":true,"href":"https:\/\/www.lampohuolto.fi\/index.php?rest_route=%2Fwp%2Fv2%2Fcomments&post=193"}],"version-history":[{"count":66,"href":"https:\/\/www.lampohuolto.fi\/index.php?rest_route=\/wp\/v2\/pages\/193\/revisions"}],"predecessor-version":[{"id":938,"href":"https:\/\/www.lampohuolto.fi\/index.php?rest_route=\/wp\/v2\/pages\/193\/revisions\/938"}],"up":[{"embeddable":true,"href":"https:\/\/www.lampohuolto.fi\/index.php?rest_route=\/wp\/v2\/pages\/22"}],"wp:attachment":[{"href":"https:\/\/www.lampohuolto.fi\/index.php?rest_route=%2Fwp%2Fv2%2Fmedia&parent=193"}],"curies":[{"name":"wp","href":"https:\/\/api.w.org\/{rel}","templated":true}]}}