{"id":22,"date":"2014-04-17T10:03:10","date_gmt":"2014-04-17T07:03:10","guid":{"rendered":"http:\/\/www.lampohuolto.fi\/uusisivupohja\/?page_id=22"},"modified":"2018-02-20T08:15:27","modified_gmt":"2018-02-20T06:15:27","slug":"lammitystarveluku","status":"publish","type":"page","link":"https:\/\/www.lampohuolto.fi\/?page_id=22","title":{"rendered":"L\u00e4mmitystarveluku"},"content":{"rendered":"<p><strong>Mik\u00e4 on l\u00e4mmitystarveluku?<\/strong><br \/>\nL\u00e4mmitystarveluvun (astep\u00e4iv\u00e4luku) avulla korjataan toteutuneita l\u00e4mmitysenergian kulutuksia, jotta voidaan verrata toisiinsa saman rakennuksen eri kuukausien tai vuosien kulutuksia ja eri kunnissa olevien rakennusten ominaiskulutuksia. L\u00e4mmitystarveluvun k\u00e4ytt\u00f6 rakennuksen l\u00e4mmitystarpeen arvioinnissa perustuu siihen, ett\u00e4 rakennuksen energiankulutus on likipit\u00e4en verrannollinen sis\u00e4- ja ulkol\u00e4mp\u00f6tilojen erotukseen.<\/p>\n<p><strong> Miten l\u00e4mmitystarveluku lasketaan?<\/strong><br \/>\nL\u00e4mmitystarveluku saadaan laskemalla yhteen kunkin kuukauden p\u00e4ivitt\u00e4isten sis\u00e4- ja ulkol\u00e4mp\u00f6tilojen erotus. Yleisimmin k\u00e4ytet\u00e4\u00e4n l\u00e4mmitystarvelukua S17, joka lasketaan +17\u00b0C:ksi oletetun sis\u00e4l\u00e4mp\u00f6tilan ja ulkol\u00e4mp\u00f6tilan vuorokausikeskiarvon erotuksen perusteella. Kuukauden l\u00e4mmitystarveluku on vuorokautisten l\u00e4mmitystarvelukujen summa ja vuoden l\u00e4mmitystarveluku on vastavasti kuukausittaisten l\u00e4mmitystarvelukujen summa. Vertailuarvona eli normaalivuoden l\u00e4mmitystarvelukuna k\u00e4ytet\u00e4\u00e4n vuosien 1981-2010 keskim\u00e4\u00e4r\u00e4ist\u00e4 l\u00e4mmitystarvelukua.<\/p>\n<p>L\u00e4mmitystarveluvun laskennassa ei oteta huomioon p\u00e4ivi\u00e4, joiden keskil\u00e4mp\u00f6tila on kev\u00e4\u00e4ll\u00e4 yli +10\u00b0C ja syksyll\u00e4 yli +12\u00b0C. T\u00e4ll\u00f6in oletetaan, ett\u00e4 kiinteist\u00f6jen l\u00e4mmitys lopetetaan ja aloitetaan p\u00e4ivitt\u00e4in ulkol\u00e4mp\u00f6tilan ylitt\u00e4ess\u00e4 tai alittaessa mainitut rajat.<\/p>\n<p><strong>Mist\u00e4 l\u00e4mmitystarveluvun saa?<\/strong><br \/>\nL\u00e4mmitystarveluku lasketaan jo nyt 20 paikkakunnalle, joista 16:a k\u00e4ytet\u00e4\u00e4n ns. vertailupaikkakuntina. N\u00e4m\u00e4 ovat Jomala, Vantaa, Helsinki-Kaisaniemi, Pori, Turku, Tampere-Pirkkala, Lahti, Lappeenranta, Jyv\u00e4skyl\u00e4, Vaasa, Kuopio, Joensuu, Kajaani, Oulu, Sodankyl\u00e4 ja Ivalo. Lis\u00e4ksi l\u00e4mmitystarveluku voidaan tilauksesta laskea noin 25 muullekin paikkakunnalle.<\/p>\n<p>L\u00c4HDE: <a href=\"http:\/\/ilmatieteenlaitos.fi\/lammitystarveluvut\">Ilmatieteenlaitos<\/a><\/p>\n","protected":false},"excerpt":{"rendered":"<p>Mik\u00e4 on l\u00e4mmitystarveluku? L\u00e4mmitystarveluvun (astep\u00e4iv\u00e4luku) avulla korjataan toteutuneita l\u00e4mmitysenergian kulutuksia, jotta voidaan verrata toisiinsa saman rakennuksen eri kuukausien tai vuosien kulutuksia ja eri kunnissa olevien rakennusten ominaiskulutuksia. L\u00e4mmitystarveluvun k\u00e4ytt\u00f6 rakennuksen l\u00e4mmitystarpeen arvioinnissa perustuu siihen, ett\u00e4 rakennuksen energiankulutus on likipit\u00e4en verrannollinen sis\u00e4- ja ulkol\u00e4mp\u00f6tilojen erotukseen. Miten l\u00e4mmitystarveluku lasketaan? L\u00e4mmitystarveluku saadaan laskemalla yhteen kunkin kuukauden p\u00e4ivitt\u00e4isten sis\u00e4- &hellip; <a href=\"https:\/\/www.lampohuolto.fi\/?page_id=22\" class=\"more-link\">Jatka lukemista <span class=\"screen-reader-text\">L\u00e4mmitystarveluku<\/span> <span class=\"meta-nav\">&rarr;<\/span><\/a><\/p>\n","protected":false},"author":1,"featured_media":0,"parent":62,"menu_order":0,"comment_status":"closed","ping_status":"closed","template":"page-templates\/real-full-width.php","meta":{"footnotes":""},"class_list":["post-22","page","type-page","status-publish","hentry"],"_links":{"self":[{"href":"https:\/\/www.lampohuolto.fi\/index.php?rest_route=\/wp\/v2\/pages\/22","targetHints":{"allow":["GET"]}}],"collection":[{"href":"https:\/\/www.lampohuolto.fi\/index.php?rest_route=\/wp\/v2\/pages"}],"about":[{"href":"https:\/\/www.lampohuolto.fi\/index.php?rest_route=\/wp\/v2\/types\/page"}],"author":[{"embeddable":true,"href":"https:\/\/www.lampohuolto.fi\/index.php?rest_route=\/wp\/v2\/users\/1"}],"replies":[{"embeddable":true,"href":"https:\/\/www.lampohuolto.fi\/index.php?rest_route=%2Fwp%2Fv2%2Fcomments&post=22"}],"version-history":[{"count":6,"href":"https:\/\/www.lampohuolto.fi\/index.php?rest_route=\/wp\/v2\/pages\/22\/revisions"}],"predecessor-version":[{"id":634,"href":"https:\/\/www.lampohuolto.fi\/index.php?rest_route=\/wp\/v2\/pages\/22\/revisions\/634"}],"up":[{"embeddable":true,"href":"https:\/\/www.lampohuolto.fi\/index.php?rest_route=\/wp\/v2\/pages\/62"}],"wp:attachment":[{"href":"https:\/\/www.lampohuolto.fi\/index.php?rest_route=%2Fwp%2Fv2%2Fmedia&parent=22"}],"curies":[{"name":"wp","href":"https:\/\/api.w.org\/{rel}","templated":true}]}}