{"id":24,"date":"2014-04-17T10:04:14","date_gmt":"2014-04-17T07:04:14","guid":{"rendered":"http:\/\/www.lampohuolto.fi\/uusisivupohja\/?page_id=24"},"modified":"2014-08-04T14:48:28","modified_gmt":"2014-08-04T11:48:28","slug":"1991-2","status":"publish","type":"page","link":"https:\/\/www.lampohuolto.fi\/?page_id=24","title":{"rendered":"1991-1995"},"content":{"rendered":"<h3>L\u00e4mmitystarveluvut kuukausittain<\/h3>\n<h3>1991<\/h3>\n<p>tammikuu 662<br \/>\nhelmikuu 687<br \/>\nmaaliskuu 556<br \/>\nhuhtikuu 392<br \/>\ntoukokuu 319<br \/>\nkes\u00e4kuu 140<br \/>\nhein\u00e4kuu 57<br \/>\nelokuu 79<br \/>\nsyyskuu 256<br \/>\nlokakuu 351<br \/>\nmarraskuu 422<br \/>\njoulukuu 565<\/p>\n<p>yhteens\u00e4 4486<\/p>\n<h3>1992<\/h3>\n<p>tammikuu 586<br \/>\nhelmikuu 565<br \/>\nmaaliskuu 511<br \/>\nhuhtikuu 537<br \/>\ntoukokuu 240<br \/>\nkes\u00e4kuu 119<br \/>\nhein\u00e4kuu 102<br \/>\nelokuu 151<br \/>\nsyyskuu 225<br \/>\nlokakuu 319<br \/>\nmarraskuu 623<br \/>\njoulukuu 594<\/p>\n<p>yhteens\u00e4 4572<\/p>\n<h3>1993<\/h3>\n<p>tammikuu 594<br \/>\nhelmikuu 589<br \/>\nmaaliskuu 597<br \/>\nhuhtikuu 441<br \/>\ntoukokuu 219<br \/>\nkes\u00e4kuu 222<br \/>\nhein\u00e4kuu 117<br \/>\nelokuu 186<br \/>\nsyyskuu 386<br \/>\nlokakuu 477<br \/>\nmarraskuu 626<br \/>\njoulukuu 697<\/p>\n<p>yhteens\u00e4 5151<\/p>\n<h3>1994<\/h3>\n<p>tammikuu 744<br \/>\nhelmikuu 838<br \/>\nmaaliskuu 630<br \/>\nhuhtikuu 418<br \/>\ntoukokuu 350<br \/>\nkes\u00e4kuu 188<br \/>\nhein\u00e4kuu 75<br \/>\nelokuu 135<br \/>\nsyyskuu 272<br \/>\nlokakuu 455<br \/>\nmarraskuu 548<br \/>\njoulukuu 538<\/p>\n<p>yhteens\u00e4 5191<\/p>\n<h3>1995<\/h3>\n<p>tammikuu 668<br \/>\nhelmikuu 549<br \/>\nmaaliskuu 569<br \/>\nhuhtikuu 480<br \/>\ntoukokuu 324<br \/>\nkes\u00e4kuu 107<br \/>\nhein\u00e4kuu 111<br \/>\nelokuu 149<br \/>\nsyyskuu 257<br \/>\nlokakuu 338<br \/>\nmarraskuu 632<br \/>\njoulukuu 828<\/p>\n<p>yhteens\u00e4 5012<\/p>\n","protected":false},"excerpt":{"rendered":"<p>L\u00e4mmitystarveluvut kuukausittain 1991 tammikuu 662 helmikuu 687 maaliskuu 556 huhtikuu 392 toukokuu 319 kes\u00e4kuu 140 hein\u00e4kuu 57 elokuu 79 syyskuu 256 lokakuu 351 marraskuu 422 joulukuu 565 yhteens\u00e4 4486 1992 tammikuu 586 helmikuu 565 maaliskuu 511 huhtikuu 537 toukokuu 240 kes\u00e4kuu 119 hein\u00e4kuu 102 elokuu 151 syyskuu 225 lokakuu 319 marraskuu 623 joulukuu 594 yhteens\u00e4 &hellip; <a href=\"https:\/\/www.lampohuolto.fi\/?page_id=24\" class=\"more-link\">Jatka lukemista <span class=\"screen-reader-text\">1991-1995<\/span> <span class=\"meta-nav\">&rarr;<\/span><\/a><\/p>\n","protected":false},"author":1,"featured_media":0,"parent":22,"menu_order":0,"comment_status":"closed","ping_status":"closed","template":"page-templates\/real-full-width.php","meta":{"footnotes":""},"class_list":["post-24","page","type-page","status-publish","hentry"],"_links":{"self":[{"href":"https:\/\/www.lampohuolto.fi\/index.php?rest_route=\/wp\/v2\/pages\/24","targetHints":{"allow":["GET"]}}],"collection":[{"href":"https:\/\/www.lampohuolto.fi\/index.php?rest_route=\/wp\/v2\/pages"}],"about":[{"href":"https:\/\/www.lampohuolto.fi\/index.php?rest_route=\/wp\/v2\/types\/page"}],"author":[{"embeddable":true,"href":"https:\/\/www.lampohuolto.fi\/index.php?rest_route=\/wp\/v2\/users\/1"}],"replies":[{"embeddable":true,"href":"https:\/\/www.lampohuolto.fi\/index.php?rest_route=%2Fwp%2Fv2%2Fcomments&post=24"}],"version-history":[{"count":7,"href":"https:\/\/www.lampohuolto.fi\/index.php?rest_route=\/wp\/v2\/pages\/24\/revisions"}],"predecessor-version":[{"id":92,"href":"https:\/\/www.lampohuolto.fi\/index.php?rest_route=\/wp\/v2\/pages\/24\/revisions\/92"}],"up":[{"embeddable":true,"href":"https:\/\/www.lampohuolto.fi\/index.php?rest_route=\/wp\/v2\/pages\/22"}],"wp:attachment":[{"href":"https:\/\/www.lampohuolto.fi\/index.php?rest_route=%2Fwp%2Fv2%2Fmedia&parent=24"}],"curies":[{"name":"wp","href":"https:\/\/api.w.org\/{rel}","templated":true}]}}