{"id":255,"date":"2014-08-21T15:17:39","date_gmt":"2014-08-21T12:17:39","guid":{"rendered":"http:\/\/www.lampohuolto.fi\/?page_id=255"},"modified":"2014-08-25T13:06:02","modified_gmt":"2014-08-25T10:06:02","slug":"tehokas-lammonkaytto","status":"publish","type":"page","link":"https:\/\/www.lampohuolto.fi\/?page_id=255","title":{"rendered":"Tehokas l\u00e4mm\u00f6nk\u00e4ytt\u00f6"},"content":{"rendered":"<p>Rakennuksen l\u00e4mm\u00f6nkulutukseen voi vaikuttaa suuresti yksinkertaisilla ratkaisuilla ja helpoilla valinnoilla.<\/p>\n<h5>L\u00e4mp\u00f6<\/h5>\n<p>Tiloihin kannattaa s\u00e4\u00e4t\u00e4\u00e4 niille sopivat l\u00e4mp\u00f6tilat &#8211; esimerkiksi asuinhuoneeseen noin\u00a021\u00a0<span style=\"color: #2d2d2d;\">\u00baC, makuuhuoneeseen noin 19\u00a0\u00baC, l\u00e4mpimiin varastoihin noin\u00a012\u00a0\u00baC ja autotalliin vaikkapa 5-10\u00a0\u00baC.\u00a0<\/span><span style=\"line-height: 1.5;\">L\u00e4mp\u00f6tilan laskeminen yhdell\u00e4 asteella laskee vuotuista l\u00e4mmityskustannusta noin 5 %.\u00a0<\/span><span style=\"line-height: 1.5;\">Lomien ja muiden poissaolojen aikanakin tyhj\u00e4n talon l\u00e4mp\u00f6tilaa ja ilmanvaihtoa kannattaa toki pienent\u00e4\u00e4.<\/span><\/p>\n<h5>Rakenteet<\/h5>\n<p><span style=\"line-height: 1.5;\">Ovien ja ikkunoiden tiivisteiden kunnon voi tarkistaa vaikkapa l\u00e4mmityskauden alussa &#8211; sein\u00e4n eristeet eiv\u00e4t auta, jos l\u00e4mp\u00f6 karkaa harakoille ovien v\u00e4leist\u00e4. Kylm\u00e4n\u00e4 talviy\u00f6n\u00e4 taasen s<\/span><span style=\"line-height: 1.5;\">uljetut s\u00e4lekaihtimet ja verhot ikkunan edess\u00e4 ovat ylim\u00e4\u00e4r\u00e4isen ikkunalasikerroksen\u00a0veroinen lis\u00e4eriste.\u00a0<\/span><span style=\"line-height: 1.5;\">Tuuletus kannattaa tehd\u00e4 nopeasti ja tehokkaasti, sek\u00e4 koittaa v\u00e4ltell\u00e4 kylmimpi\u00e4 pakkashuippuja tuuletusaikoina.\u00a0<\/span><\/p>\n<h5>K\u00e4ytt\u00f6 ja laitteet<\/h5>\n<p><span style=\"line-height: 1.5;\">Pitk\u00e4 kuuma suihku kuluttaa tietenkin enemm\u00e4n l\u00e4mp\u00f6\u00e4 kuin nopea viile\u00e4, mutta my\u00f6s tarpeettoman suuri paine ja\u00a0tehoton suihkup\u00e4\u00e4 voivat\u00a0pit\u00e4\u00e4 l\u00e4mm\u00f6nk\u00e4ytt\u00f6\u00e4 suotta turhan korkeana.\u00a0<\/span><span style=\"line-height: 1.5;\">Hyvin s\u00e4\u00e4detyt ja toimivat kaukol\u00e4mp\u00f6laitteet\u00a0est\u00e4v\u00e4t turhaa hukkakulutusta. Yl\u00e4- ja alaosastaan aivan eril\u00e4mp\u00f6inen tai loriseva patteri taasen kaipaa asiantuntevaa ilmaamista.<\/span><\/p>\n<p>&nbsp;<\/p>\n","protected":false},"excerpt":{"rendered":"<p>Rakennuksen l\u00e4mm\u00f6nkulutukseen voi vaikuttaa suuresti yksinkertaisilla ratkaisuilla ja helpoilla valinnoilla. L\u00e4mp\u00f6 Tiloihin kannattaa s\u00e4\u00e4t\u00e4\u00e4 niille sopivat l\u00e4mp\u00f6tilat &#8211; esimerkiksi asuinhuoneeseen noin\u00a021\u00a0\u00baC, makuuhuoneeseen noin 19\u00a0\u00baC, l\u00e4mpimiin varastoihin noin\u00a012\u00a0\u00baC ja autotalliin vaikkapa 5-10\u00a0\u00baC.\u00a0L\u00e4mp\u00f6tilan laskeminen yhdell\u00e4 asteella laskee vuotuista l\u00e4mmityskustannusta noin 5 %.\u00a0Lomien ja muiden poissaolojen aikanakin tyhj\u00e4n talon l\u00e4mp\u00f6tilaa ja ilmanvaihtoa kannattaa toki pienent\u00e4\u00e4. Rakenteet Ovien ja &hellip; <a href=\"https:\/\/www.lampohuolto.fi\/?page_id=255\" class=\"more-link\">Jatka lukemista <span class=\"screen-reader-text\">Tehokas l\u00e4mm\u00f6nk\u00e4ytt\u00f6<\/span> <span class=\"meta-nav\">&rarr;<\/span><\/a><\/p>\n","protected":false},"author":1,"featured_media":0,"parent":64,"menu_order":0,"comment_status":"closed","ping_status":"closed","template":"page-templates\/real-full-width.php","meta":{"footnotes":""},"class_list":["post-255","page","type-page","status-publish","hentry"],"_links":{"self":[{"href":"https:\/\/www.lampohuolto.fi\/index.php?rest_route=\/wp\/v2\/pages\/255","targetHints":{"allow":["GET"]}}],"collection":[{"href":"https:\/\/www.lampohuolto.fi\/index.php?rest_route=\/wp\/v2\/pages"}],"about":[{"href":"https:\/\/www.lampohuolto.fi\/index.php?rest_route=\/wp\/v2\/types\/page"}],"author":[{"embeddable":true,"href":"https:\/\/www.lampohuolto.fi\/index.php?rest_route=\/wp\/v2\/users\/1"}],"replies":[{"embeddable":true,"href":"https:\/\/www.lampohuolto.fi\/index.php?rest_route=%2Fwp%2Fv2%2Fcomments&post=255"}],"version-history":[{"count":17,"href":"https:\/\/www.lampohuolto.fi\/index.php?rest_route=\/wp\/v2\/pages\/255\/revisions"}],"predecessor-version":[{"id":315,"href":"https:\/\/www.lampohuolto.fi\/index.php?rest_route=\/wp\/v2\/pages\/255\/revisions\/315"}],"up":[{"embeddable":true,"href":"https:\/\/www.lampohuolto.fi\/index.php?rest_route=\/wp\/v2\/pages\/64"}],"wp:attachment":[{"href":"https:\/\/www.lampohuolto.fi\/index.php?rest_route=%2Fwp%2Fv2%2Fmedia&parent=255"}],"curies":[{"name":"wp","href":"https:\/\/api.w.org\/{rel}","templated":true}]}}