{"id":26,"date":"2014-04-17T10:04:37","date_gmt":"2014-04-17T07:04:37","guid":{"rendered":"http:\/\/www.lampohuolto.fi\/uusisivupohja\/?page_id=26"},"modified":"2014-08-04T14:48:50","modified_gmt":"2014-08-04T11:48:50","slug":"1992-2","status":"publish","type":"page","link":"https:\/\/www.lampohuolto.fi\/?page_id=26","title":{"rendered":"1996-2000"},"content":{"rendered":"<h3>L\u00e4mmitystarveluvut kuukausittain<\/h3>\n<h3>1996<\/h3>\n<p>tammikuu 706<br \/>\nhelmikuu 861<br \/>\nmaaliskuu 665<br \/>\nhuhtikuu 493<br \/>\ntoukokuu 307<br \/>\nkes\u00e4kuu 165<br \/>\nhein\u00e4kuu 148<br \/>\nelokuu 103<br \/>\nsyyskuu 313<br \/>\nlokakuu 379<br \/>\nmarraskuu 526<br \/>\njoulukuu 733<\/p>\n<p>yhteens\u00e4 5399<\/p>\n<h3>1997<\/h3>\n<p>tammikuu 724<br \/>\nhelmikuu 635<br \/>\nmaaliskuu 564<br \/>\nhuhtikuu 519<br \/>\ntoukokuu 335<br \/>\nkes\u00e4kuu 104<br \/>\nhein\u00e4kuu 58<br \/>\nelokuu 88<br \/>\nsyyskuu 225<br \/>\nlokakuu 479<br \/>\nmarraskuu 570<br \/>\njoulukuu 622<\/p>\n<p>yhteens\u00e4 4923<\/p>\n<h3>1998<\/h3>\n<p>tammikuu 642<br \/>\nhelmikuu 655<br \/>\nmaaliskuu 711<br \/>\nhuhtikuu 450<br \/>\ntoukokuu 452<br \/>\nkes\u00e4kuu 143<br \/>\nhein\u00e4kuu 89<br \/>\nelokuu 139<br \/>\nsyyskuu 225<br \/>\nlokakuu 384<br \/>\nmarraskuu 642<br \/>\njoulukuu 663<\/p>\n<p>yhteens\u00e4 5195<\/p>\n<h3>1999<\/h3>\n<p>tammikuu 791<br \/>\nhelmikuu 664<br \/>\nmaaliskuu 549<br \/>\nhuhtikuu 307<br \/>\ntoukokuu 276<br \/>\nkes\u00e4kuu 10<br \/>\nhein\u00e4kuu 44<br \/>\nelokuu 120<br \/>\nsyyskuu 173<br \/>\nlokakuu 368<br \/>\nmarraskuu 487<br \/>\njoulukuu 729<\/p>\n<p>yhteens\u00e4 4518<\/p>\n<h3>2000<\/h3>\n<p>tammikuu 665<br \/>\nhelmikuu 555<br \/>\nmaaliskuu 654<br \/>\nhuhtikuu 392<br \/>\ntoukokuu 220<br \/>\nkes\u00e4kuu 126<br \/>\nhein\u00e4kuu 31<br \/>\nelokuu 91<br \/>\nsyyskuu 230<br \/>\nlokakuu 256<br \/>\nmarraskuu 404<br \/>\njoulukuu 518<\/p>\n<p>yhteens\u00e4 4142<\/p>\n","protected":false},"excerpt":{"rendered":"<p>L\u00e4mmitystarveluvut kuukausittain 1996 tammikuu 706 helmikuu 861 maaliskuu 665 huhtikuu 493 toukokuu 307 kes\u00e4kuu 165 hein\u00e4kuu 148 elokuu 103 syyskuu 313 lokakuu 379 marraskuu 526 joulukuu 733 yhteens\u00e4 5399 1997 tammikuu 724 helmikuu 635 maaliskuu 564 huhtikuu 519 toukokuu 335 kes\u00e4kuu 104 hein\u00e4kuu 58 elokuu 88 syyskuu 225 lokakuu 479 marraskuu 570 joulukuu 622 yhteens\u00e4 &hellip; <a href=\"https:\/\/www.lampohuolto.fi\/?page_id=26\" class=\"more-link\">Jatka lukemista <span class=\"screen-reader-text\">1996-2000<\/span> <span class=\"meta-nav\">&rarr;<\/span><\/a><\/p>\n","protected":false},"author":1,"featured_media":0,"parent":22,"menu_order":0,"comment_status":"closed","ping_status":"closed","template":"page-templates\/real-full-width.php","meta":{"footnotes":""},"class_list":["post-26","page","type-page","status-publish","hentry"],"_links":{"self":[{"href":"https:\/\/www.lampohuolto.fi\/index.php?rest_route=\/wp\/v2\/pages\/26","targetHints":{"allow":["GET"]}}],"collection":[{"href":"https:\/\/www.lampohuolto.fi\/index.php?rest_route=\/wp\/v2\/pages"}],"about":[{"href":"https:\/\/www.lampohuolto.fi\/index.php?rest_route=\/wp\/v2\/types\/page"}],"author":[{"embeddable":true,"href":"https:\/\/www.lampohuolto.fi\/index.php?rest_route=\/wp\/v2\/users\/1"}],"replies":[{"embeddable":true,"href":"https:\/\/www.lampohuolto.fi\/index.php?rest_route=%2Fwp%2Fv2%2Fcomments&post=26"}],"version-history":[{"count":4,"href":"https:\/\/www.lampohuolto.fi\/index.php?rest_route=\/wp\/v2\/pages\/26\/revisions"}],"predecessor-version":[{"id":94,"href":"https:\/\/www.lampohuolto.fi\/index.php?rest_route=\/wp\/v2\/pages\/26\/revisions\/94"}],"up":[{"embeddable":true,"href":"https:\/\/www.lampohuolto.fi\/index.php?rest_route=\/wp\/v2\/pages\/22"}],"wp:attachment":[{"href":"https:\/\/www.lampohuolto.fi\/index.php?rest_route=%2Fwp%2Fv2%2Fmedia&parent=26"}],"curies":[{"name":"wp","href":"https:\/\/api.w.org\/{rel}","templated":true}]}}