{"id":32,"date":"2014-04-17T10:24:11","date_gmt":"2014-04-17T07:24:11","guid":{"rendered":"http:\/\/www.lampohuolto.fi\/uusisivupohja\/?page_id=32"},"modified":"2016-05-26T14:42:29","modified_gmt":"2016-05-26T11:42:29","slug":"opastusvideoita","status":"publish","type":"page","link":"https:\/\/www.lampohuolto.fi\/?page_id=32","title":{"rendered":"Opastusvideoita"},"content":{"rendered":"<p><iframe loading=\"lazy\" src=\"\/\/player.vimeo.com\/video\/80460677\" width=\"590\" height=\"332\" frameborder=\"0\" allowfullscreen=\"allowfullscreen\"><\/iframe><\/p>\n<p><a href=\"http:\/\/vimeo.com\/80460677\">Omakotitalon l\u00e4mm\u00f6njakohuoneen tarkistustoimenpiteet<\/a><\/p>\n<p><iframe loading=\"lazy\" src=\"\/\/player.vimeo.com\/video\/80460681\" width=\"590\" height=\"332\" frameborder=\"0\" allowfullscreen=\"allowfullscreen\"><\/iframe><\/p>\n<p><a href=\"http:\/\/vimeo.com\/80460681\">Kerrostalon l\u00e4mm\u00f6njakohuoneen tarkistustoimenpiteet<\/a><\/p>\n<p><iframe loading=\"lazy\" src=\"\/\/player.vimeo.com\/video\/80460678\" width=\"590\" height=\"332\" frameborder=\"0\" allowfullscreen=\"allowfullscreen\"><\/iframe><\/p>\n<p><a href=\"http:\/\/vimeo.com\/80460678\">L\u00e4mm\u00f6njakohuoneen tarkistustoimenpiteet, s\u00e4\u00e4t\u00f6k\u00e4yr\u00e4t<\/a><\/p>\n","protected":false},"excerpt":{"rendered":"<p>Omakotitalon l\u00e4mm\u00f6njakohuoneen tarkistustoimenpiteet Kerrostalon l\u00e4mm\u00f6njakohuoneen tarkistustoimenpiteet L\u00e4mm\u00f6njakohuoneen tarkistustoimenpiteet, s\u00e4\u00e4t\u00f6k\u00e4yr\u00e4t<\/p>\n","protected":false},"author":1,"featured_media":0,"parent":64,"menu_order":0,"comment_status":"closed","ping_status":"closed","template":"page-templates\/real-full-width.php","meta":{"footnotes":""},"class_list":["post-32","page","type-page","status-publish","hentry"],"_links":{"self":[{"href":"https:\/\/www.lampohuolto.fi\/index.php?rest_route=\/wp\/v2\/pages\/32","targetHints":{"allow":["GET"]}}],"collection":[{"href":"https:\/\/www.lampohuolto.fi\/index.php?rest_route=\/wp\/v2\/pages"}],"about":[{"href":"https:\/\/www.lampohuolto.fi\/index.php?rest_route=\/wp\/v2\/types\/page"}],"author":[{"embeddable":true,"href":"https:\/\/www.lampohuolto.fi\/index.php?rest_route=\/wp\/v2\/users\/1"}],"replies":[{"embeddable":true,"href":"https:\/\/www.lampohuolto.fi\/index.php?rest_route=%2Fwp%2Fv2%2Fcomments&post=32"}],"version-history":[{"count":7,"href":"https:\/\/www.lampohuolto.fi\/index.php?rest_route=\/wp\/v2\/pages\/32\/revisions"}],"predecessor-version":[{"id":495,"href":"https:\/\/www.lampohuolto.fi\/index.php?rest_route=\/wp\/v2\/pages\/32\/revisions\/495"}],"up":[{"embeddable":true,"href":"https:\/\/www.lampohuolto.fi\/index.php?rest_route=\/wp\/v2\/pages\/64"}],"wp:attachment":[{"href":"https:\/\/www.lampohuolto.fi\/index.php?rest_route=%2Fwp%2Fv2%2Fmedia&parent=32"}],"curies":[{"name":"wp","href":"https:\/\/api.w.org\/{rel}","templated":true}]}}