{"id":37,"date":"2014-04-17T10:26:27","date_gmt":"2014-04-17T07:26:27","guid":{"rendered":"http:\/\/www.lampohuolto.fi\/uusisivupohja\/?page_id=37"},"modified":"2016-05-18T10:47:56","modified_gmt":"2016-05-18T07:47:56","slug":"lomakkeet","status":"publish","type":"page","link":"https:\/\/www.lampohuolto.fi\/?page_id=37","title":{"rendered":"Lomakkeita"},"content":{"rendered":"<p>Alla on ladattavissa helposti tulostettavassa pdf-muodossa erin\u00e4isiss\u00e4 tilanteissa k\u00e4ytett\u00e4vi\u00e4 lomakkeita.<br \/>\n<a href=\"https:\/\/www.lampohuolto.fi\/lomakkeet\/Ilmoitus_lamposopimuksen_siirtamiseksi.pdf\">Ilmoitus l\u00e4mp\u00f6sopimuksen siirt\u00e4miseksi<\/a><br \/>\n<a href=\"https:\/\/www.lampohuolto.fi\/wp-content\/uploads\/2014\/04\/Uuden-asiakkaan-kiinteist\u00f6tiedot-3.pdf\">Uuden asiakkaan kiinteist\u00f6tiedot <\/a><\/p>\n","protected":false},"excerpt":{"rendered":"<p>Alla on ladattavissa helposti tulostettavassa pdf-muodossa erin\u00e4isiss\u00e4 tilanteissa k\u00e4ytett\u00e4vi\u00e4 lomakkeita. Ilmoitus l\u00e4mp\u00f6sopimuksen siirt\u00e4miseksi Uuden asiakkaan kiinteist\u00f6tiedot<\/p>\n","protected":false},"author":1,"featured_media":0,"parent":64,"menu_order":0,"comment_status":"closed","ping_status":"closed","template":"page-templates\/real-full-width.php","meta":{"footnotes":""},"class_list":["post-37","page","type-page","status-publish","hentry"],"_links":{"self":[{"href":"https:\/\/www.lampohuolto.fi\/index.php?rest_route=\/wp\/v2\/pages\/37","targetHints":{"allow":["GET"]}}],"collection":[{"href":"https:\/\/www.lampohuolto.fi\/index.php?rest_route=\/wp\/v2\/pages"}],"about":[{"href":"https:\/\/www.lampohuolto.fi\/index.php?rest_route=\/wp\/v2\/types\/page"}],"author":[{"embeddable":true,"href":"https:\/\/www.lampohuolto.fi\/index.php?rest_route=\/wp\/v2\/users\/1"}],"replies":[{"embeddable":true,"href":"https:\/\/www.lampohuolto.fi\/index.php?rest_route=%2Fwp%2Fv2%2Fcomments&post=37"}],"version-history":[{"count":7,"href":"https:\/\/www.lampohuolto.fi\/index.php?rest_route=\/wp\/v2\/pages\/37\/revisions"}],"predecessor-version":[{"id":489,"href":"https:\/\/www.lampohuolto.fi\/index.php?rest_route=\/wp\/v2\/pages\/37\/revisions\/489"}],"up":[{"embeddable":true,"href":"https:\/\/www.lampohuolto.fi\/index.php?rest_route=\/wp\/v2\/pages\/64"}],"wp:attachment":[{"href":"https:\/\/www.lampohuolto.fi\/index.php?rest_route=%2Fwp%2Fv2%2Fmedia&parent=37"}],"curies":[{"name":"wp","href":"https:\/\/api.w.org\/{rel}","templated":true}]}}