{"id":49,"date":"2014-08-04T12:57:08","date_gmt":"2014-08-04T09:57:08","guid":{"rendered":"http:\/\/www.lampohuolto.fi\/uusisivupohja\/?page_id=49"},"modified":"2026-01-29T12:47:15","modified_gmt":"2026-01-29T10:47:15","slug":"tiedotteet","status":"publish","type":"page","link":"https:\/\/www.lampohuolto.fi\/?page_id=49","title":{"rendered":"L\u00e4mp\u00f6huolto tiedottaa"},"content":{"rendered":"<p>&nbsp;<\/p>\n<p><a href=\"https:\/\/lampohuolto.fi\/wp-content\/uploads\/2022\/12\/Asiakastiedote-09122022.pdf\" rel=\"attachment wp-att-996\">\u00c4l\u00e4 k\u00e4yt\u00e4 l\u00e4mmint\u00e4 vett\u00e4 s\u00e4hk\u00f6katkon aikana kaukol\u00e4mp\u00f6kiinteist\u00f6ss\u00e4<\/a><\/p>\n<p>&nbsp;<\/p>\n<p>&nbsp;<\/p>\n<p>&nbsp;<\/p>\n","protected":false},"excerpt":{"rendered":"<p>&nbsp; \u00c4l\u00e4 k\u00e4yt\u00e4 l\u00e4mmint\u00e4 vett\u00e4 s\u00e4hk\u00f6katkon aikana kaukol\u00e4mp\u00f6kiinteist\u00f6ss\u00e4 &nbsp; &nbsp; &nbsp;<\/p>\n","protected":false},"author":1,"featured_media":0,"parent":0,"menu_order":0,"comment_status":"closed","ping_status":"closed","template":"page-templates\/real-full-width.php","meta":{"footnotes":""},"class_list":["post-49","page","type-page","status-publish","hentry"],"_links":{"self":[{"href":"https:\/\/www.lampohuolto.fi\/index.php?rest_route=\/wp\/v2\/pages\/49","targetHints":{"allow":["GET"]}}],"collection":[{"href":"https:\/\/www.lampohuolto.fi\/index.php?rest_route=\/wp\/v2\/pages"}],"about":[{"href":"https:\/\/www.lampohuolto.fi\/index.php?rest_route=\/wp\/v2\/types\/page"}],"author":[{"embeddable":true,"href":"https:\/\/www.lampohuolto.fi\/index.php?rest_route=\/wp\/v2\/users\/1"}],"replies":[{"embeddable":true,"href":"https:\/\/www.lampohuolto.fi\/index.php?rest_route=%2Fwp%2Fv2%2Fcomments&post=49"}],"version-history":[{"count":178,"href":"https:\/\/www.lampohuolto.fi\/index.php?rest_route=\/wp\/v2\/pages\/49\/revisions"}],"predecessor-version":[{"id":1097,"href":"https:\/\/www.lampohuolto.fi\/index.php?rest_route=\/wp\/v2\/pages\/49\/revisions\/1097"}],"wp:attachment":[{"href":"https:\/\/www.lampohuolto.fi\/index.php?rest_route=%2Fwp%2Fv2%2Fmedia&parent=49"}],"curies":[{"name":"wp","href":"https:\/\/api.w.org\/{rel}","templated":true}]}}