{"id":55,"date":"2014-08-04T13:03:38","date_gmt":"2014-08-04T10:03:38","guid":{"rendered":"http:\/\/www.lampohuolto.fi\/uusisivupohja\/?page_id=55"},"modified":"2025-09-09T12:43:08","modified_gmt":"2025-09-09T09:43:08","slug":"yhteystiedot","status":"publish","type":"page","link":"https:\/\/www.lampohuolto.fi\/?page_id=55","title":{"rendered":"Yhteystiedot"},"content":{"rendered":"<p><strong>P\u00e4ivystys<\/strong><\/p>\n<p><span style=\"color: #000000;\">P\u00e4ivyst\u00e4j\u00e4n puhelinnumero: 050-330 7115<\/span><\/p>\n<p><strong>Toimisto<\/strong><\/p>\n<address><span style=\"color: #000000;\">Postiosoite:<\/span><br style=\"color: #000000;\" \/><span style=\"color: #000000;\">Kauhajoen L\u00e4mp\u00f6huolto Oy<\/span><br style=\"color: #000000;\" \/><span style=\"color: #000000;\">Teknologiapuisto 1\/43<\/span><br style=\"color: #000000;\" \/><span style=\"color: #000000;\">FIN-61800 KAUHAJOKI<\/span><\/address>\n<p><span style=\"color: #000000;\">Puhelin: <\/span><span style=\"color: #000000;\">050 528 5501 Toimisto<br \/>\n050 575 9842\u00a0Tapio Suonvieri<\/span><br \/>\n<br style=\"color: #000000;\" \/><span style=\"color: #000000;\">S\u00e4hk\u00f6posti: <\/span><a style=\"color: #000000;\" href=\"mailto:toimisto@lampohuolto.fi\"><span style=\"text-decoration: underline;\">toimisto(at)lampohuolto.fi<\/span><\/a><\/p>\n<p><strong>L\u00e4mp\u00f6laitokset<\/strong><\/p>\n<address><span style=\"color: #000000;\">Lellavan laitos:<\/span><br \/>\n<span style=\"color: #000000;\">L\u00e4mp\u00f6kuja 4<\/span><br style=\"color: #000000;\" \/><span style=\"color: #000000;\">FI-61800 KAUHAJOKI<\/span><\/address>\n<address><span style=\"color: #000000;\">Pikikujan laitos:<\/span><br \/>\n<span style=\"color: #000000;\">Pikikuja 9<\/span><br style=\"color: #000000;\" \/><span style=\"color: #000000;\">FI-61800 KAUHAJOKI<\/span><\/address>\n<address><span style=\"color: #000000;\">Aronkyl\u00e4n laitos:<\/span><br style=\"color: #000000;\" \/><span style=\"color: #000000;\">Vihtam\u00e4entie 1<\/span><br style=\"color: #000000;\" \/><span style=\"color: #000000;\">FI-61850 KAUHAJOKI as.<\/span><\/address>\n<p><strong>Aukioloajat<\/strong><\/p>\n<p><span style=\"color: #000000;\">Kauhajoen L\u00e4mp\u00f6huollon toimisto on auki arkisin 9:00-16:00.<\/span><br style=\"color: #000000;\" \/><span style=\"color: #000000;\">Laitokset ovat miehitettyin\u00e4 arkisin 7:00-15:30.<\/span><\/p>\n","protected":false},"excerpt":{"rendered":"<p>P\u00e4ivystys P\u00e4ivyst\u00e4j\u00e4n puhelinnumero: 050-330 7115 Toimisto Postiosoite:Kauhajoen L\u00e4mp\u00f6huolto OyTeknologiapuisto 1\/43FIN-61800 KAUHAJOKI Puhelin: 050 528 5501 Toimisto 050 575 9842\u00a0Tapio Suonvieri S\u00e4hk\u00f6posti: toimisto(at)lampohuolto.fi L\u00e4mp\u00f6laitokset Lellavan laitos: L\u00e4mp\u00f6kuja 4FI-61800 KAUHAJOKI Pikikujan laitos: Pikikuja 9FI-61800 KAUHAJOKI Aronkyl\u00e4n laitos:Vihtam\u00e4entie 1FI-61850 KAUHAJOKI as. Aukioloajat Kauhajoen L\u00e4mp\u00f6huollon toimisto on auki arkisin 9:00-16:00.Laitokset ovat miehitettyin\u00e4 arkisin 7:00-15:30.<\/p>\n","protected":false},"author":1,"featured_media":0,"parent":0,"menu_order":0,"comment_status":"closed","ping_status":"closed","template":"page-templates\/real-full-width.php","meta":{"footnotes":""},"class_list":["post-55","page","type-page","status-publish","hentry"],"_links":{"self":[{"href":"https:\/\/www.lampohuolto.fi\/index.php?rest_route=\/wp\/v2\/pages\/55","targetHints":{"allow":["GET"]}}],"collection":[{"href":"https:\/\/www.lampohuolto.fi\/index.php?rest_route=\/wp\/v2\/pages"}],"about":[{"href":"https:\/\/www.lampohuolto.fi\/index.php?rest_route=\/wp\/v2\/types\/page"}],"author":[{"embeddable":true,"href":"https:\/\/www.lampohuolto.fi\/index.php?rest_route=\/wp\/v2\/users\/1"}],"replies":[{"embeddable":true,"href":"https:\/\/www.lampohuolto.fi\/index.php?rest_route=%2Fwp%2Fv2%2Fcomments&post=55"}],"version-history":[{"count":36,"href":"https:\/\/www.lampohuolto.fi\/index.php?rest_route=\/wp\/v2\/pages\/55\/revisions"}],"predecessor-version":[{"id":1079,"href":"https:\/\/www.lampohuolto.fi\/index.php?rest_route=\/wp\/v2\/pages\/55\/revisions\/1079"}],"wp:attachment":[{"href":"https:\/\/www.lampohuolto.fi\/index.php?rest_route=%2Fwp%2Fv2%2Fmedia&parent=55"}],"curies":[{"name":"wp","href":"https:\/\/api.w.org\/{rel}","templated":true}]}}