{"id":645,"date":"2018-04-09T13:10:12","date_gmt":"2018-04-09T10:10:12","guid":{"rendered":"http:\/\/www.lampohuolto.fi\/?page_id=645"},"modified":"2022-09-20T10:29:38","modified_gmt":"2022-09-20T07:29:38","slug":"vaakahinnasto","status":"publish","type":"page","link":"https:\/\/www.lampohuolto.fi\/?page_id=645","title":{"rendered":"Vaakahinnasto"},"content":{"rendered":"<p>Tarjoamme punnituspalveluita alla olevan hinnaston mukaisesti<\/p>\n<p>Kertapunnitus ty\u00f6aikana ilman punnituskorttia 15\u20ac<br \/>\nPunnitus kortilla 10\u20ac<br \/>\nKorttipantti 20\u20ac<br \/>\nKertapunnitus ilman korttia ty\u00f6ajan ulkopuolella 50\u20ac<\/p>\n<p>Hinnat alv 0% <\/p>\n<p>Vaa&#8217;an maksimikapasiteetti L\u00e4mp\u00f6kujalla on kertapunnituksena 55000kg ja Pikikujalla 100000kg.<\/p>\n<p>Kortilliset punnitukset ilman taaraa kellon ymp\u00e4ri. Ty\u00f6aika arkisin klo 7-15.30.<br \/>\nPunnituskortit ja k\u00e4ytt\u00f6opastuksen saat lellavan l\u00e4mp\u00f6laitokselta.<\/p>\n","protected":false},"excerpt":{"rendered":"<p>Tarjoamme punnituspalveluita alla olevan hinnaston mukaisesti Kertapunnitus ty\u00f6aikana ilman punnituskorttia 15\u20ac Punnitus kortilla 10\u20ac Korttipantti 20\u20ac Kertapunnitus ilman korttia ty\u00f6ajan ulkopuolella 50\u20ac Hinnat alv 0% Vaa&#8217;an maksimikapasiteetti L\u00e4mp\u00f6kujalla on kertapunnituksena 55000kg ja Pikikujalla 100000kg. Kortilliset punnitukset ilman taaraa kellon ymp\u00e4ri. Ty\u00f6aika arkisin klo 7-15.30. Punnituskortit ja k\u00e4ytt\u00f6opastuksen saat lellavan l\u00e4mp\u00f6laitokselta.<\/p>\n","protected":false},"author":2,"featured_media":0,"parent":62,"menu_order":0,"comment_status":"closed","ping_status":"closed","template":"page-templates\/real-full-width.php","meta":{"footnotes":""},"class_list":["post-645","page","type-page","status-publish","hentry"],"_links":{"self":[{"href":"https:\/\/www.lampohuolto.fi\/index.php?rest_route=\/wp\/v2\/pages\/645","targetHints":{"allow":["GET"]}}],"collection":[{"href":"https:\/\/www.lampohuolto.fi\/index.php?rest_route=\/wp\/v2\/pages"}],"about":[{"href":"https:\/\/www.lampohuolto.fi\/index.php?rest_route=\/wp\/v2\/types\/page"}],"author":[{"embeddable":true,"href":"https:\/\/www.lampohuolto.fi\/index.php?rest_route=\/wp\/v2\/users\/2"}],"replies":[{"embeddable":true,"href":"https:\/\/www.lampohuolto.fi\/index.php?rest_route=%2Fwp%2Fv2%2Fcomments&post=645"}],"version-history":[{"count":6,"href":"https:\/\/www.lampohuolto.fi\/index.php?rest_route=\/wp\/v2\/pages\/645\/revisions"}],"predecessor-version":[{"id":992,"href":"https:\/\/www.lampohuolto.fi\/index.php?rest_route=\/wp\/v2\/pages\/645\/revisions\/992"}],"up":[{"embeddable":true,"href":"https:\/\/www.lampohuolto.fi\/index.php?rest_route=\/wp\/v2\/pages\/62"}],"wp:attachment":[{"href":"https:\/\/www.lampohuolto.fi\/index.php?rest_route=%2Fwp%2Fv2%2Fmedia&parent=645"}],"curies":[{"name":"wp","href":"https:\/\/api.w.org\/{rel}","templated":true}]}}