{"id":75,"date":"2014-08-04T13:43:54","date_gmt":"2014-08-04T10:43:54","guid":{"rendered":"http:\/\/www.lampohuolto.fi\/uusisivupohja\/?page_id=75"},"modified":"2014-08-04T13:44:57","modified_gmt":"2014-08-04T10:44:57","slug":"tarjouspyynto","status":"publish","type":"page","link":"https:\/\/www.lampohuolto.fi\/?page_id=75","title":{"rendered":"Tarjouspyynt\u00f6"},"content":{"rendered":"<p>T\u00e4yt\u00e4 tarjouspyynt\u00f6lomake mahdollisimman yksityiskohtaisesti k\u00e4yt\u00f6ss\u00e4si oleviesi tietojen perusteella. Tarjous on sit\u00e4 tarkempi, mit\u00e4 enemm\u00e4n saamme tietoja sen antamiseksi.<br \/>\n\n<div class=\"wpcf7 no-js\" id=\"wpcf7-f73-o1\" lang=\"fi\" dir=\"ltr\" data-wpcf7-id=\"73\">\n<div class=\"screen-reader-response\"><p role=\"status\" aria-live=\"polite\" aria-atomic=\"true\"><\/p> <ul><\/ul><\/div>\n<form action=\"\/index.php?rest_route=%2Fwp%2Fv2%2Fpages%2F75#wpcf7-f73-o1\" method=\"post\" class=\"wpcf7-form init\" aria-label=\"Yhteydenottolomake\" novalidate=\"novalidate\" data-status=\"init\">\n<fieldset class=\"hidden-fields-container\"><input type=\"hidden\" name=\"_wpcf7\" value=\"73\" \/><input type=\"hidden\" name=\"_wpcf7_version\" value=\"6.1.5\" \/><input type=\"hidden\" name=\"_wpcf7_locale\" value=\"fi\" \/><input type=\"hidden\" name=\"_wpcf7_unit_tag\" value=\"wpcf7-f73-o1\" \/><input type=\"hidden\" name=\"_wpcf7_container_post\" value=\"0\" \/><input type=\"hidden\" name=\"_wpcf7_posted_data_hash\" value=\"\" \/>\n<\/fieldset>\n<table>\n\t<tr>\n\t\t<td>\n\t\t\t<p>Kiinteist\u00f6\/omistaja: <span class=\"wpcf7-form-control-wrap\" data-name=\"kiinteisto\"><input size=\"40\" maxlength=\"400\" class=\"wpcf7-form-control wpcf7-text\" aria-invalid=\"false\" value=\"\" type=\"text\" name=\"kiinteisto\" \/><\/span>\n\t\t\t<\/p>\n\t\t<\/td>\n\t\t<td>\n\t\t<\/td>\n\t<\/tr>\n\t<tr>\n\t\t<td >\n\t\t\t<p>Osoite: <span class=\"wpcf7-form-control-wrap\" data-name=\"text-280\"><input size=\"40\" maxlength=\"400\" class=\"wpcf7-form-control wpcf7-text wpcf7-validates-as-required\" aria-required=\"true\" aria-invalid=\"false\" value=\"\" type=\"text\" name=\"text-280\" \/><\/span>\n\t\t\t<\/p>\n\t\t<\/td>\n\t\t<td>\n\t\t\t<p>Postitoimipaikka: <span class=\"wpcf7-form-control-wrap\" data-name=\"text-186\"><input size=\"40\" maxlength=\"400\" class=\"wpcf7-form-control wpcf7-text\" aria-invalid=\"false\" value=\"\" type=\"text\" name=\"text-186\" \/><\/span>\n\t\t\t<\/p>\n\t\t<\/td>\n\t<\/tr>\n\t<tr>\n\t\t<td>\n\t\t\t<p>Yhteyshenkil\u00f6: <span class=\"wpcf7-form-control-wrap\" data-name=\"yhthenk\"><input size=\"40\" maxlength=\"400\" class=\"wpcf7-form-control wpcf7-text wpcf7-validates-as-required\" aria-required=\"true\" aria-invalid=\"false\" value=\"\" type=\"text\" name=\"yhthenk\" \/><\/span>\n\t\t\t<\/p>\n\t\t<\/td>\n\t\t<td>\n\t\t\t<p>Yhteystiedot: <span class=\"wpcf7-form-control-wrap\" data-name=\"yhttied\"><input size=\"40\" maxlength=\"400\" class=\"wpcf7-form-control wpcf7-text\" aria-invalid=\"false\" value=\"\" type=\"text\" name=\"yhttied\" \/><\/span>\n\t\t\t<\/p>\n\t\t<\/td>\n\t<\/tr>\n\t<tr>\n\t\t<td>\n\t\t\t<p>Puhelinnumero:\t <span class=\"wpcf7-form-control-wrap\" data-name=\"puhnum\"><input size=\"40\" maxlength=\"400\" class=\"wpcf7-form-control wpcf7-tel wpcf7-text wpcf7-validates-as-tel\" aria-invalid=\"false\" value=\"\" type=\"tel\" name=\"puhnum\" \/><\/span>\n\t\t\t<\/p>\n\t\t<\/td>\n\t\t<td>\n\t\t\t<p>S\u00e4hk\u00f6postiosoite:\t <span class=\"wpcf7-form-control-wrap\" data-name=\"email\"><input size=\"40\" maxlength=\"400\" class=\"wpcf7-form-control wpcf7-email wpcf7-text wpcf7-validates-as-email\" aria-invalid=\"false\" value=\"\" type=\"email\" name=\"email\" \/><\/span>\n\t\t\t<\/p>\n\t\t<\/td>\n\t<\/tr>\n\t<tr>\n\t\t<td>\n\t\t\t<p>Kiinteist\u00f6n tyyppi: <span class=\"wpcf7-form-control-wrap\" data-name=\"tyyppi\"><select class=\"wpcf7-form-control wpcf7-select\" aria-invalid=\"false\" name=\"tyyppi\"><option value=\"omakotitalo\">omakotitalo<\/option><option value=\"rivitalo\">rivitalo<\/option><option value=\"kerrostalo\">kerrostalo<\/option><option value=\"liikehuoneisto\">liikehuoneisto<\/option><option value=\"muu\">muu<\/option><\/select><\/span>\n\t\t\t<\/p>\n\t\t<\/td>\n\t\t<td>\n\t\t\t<p>Asuntojen lukum\u00e4\u00e4r\u00e4: <span class=\"wpcf7-form-control-wrap\" data-name=\"asuntomaara\"><input size=\"40\" maxlength=\"400\" class=\"wpcf7-form-control wpcf7-text\" aria-invalid=\"false\" value=\"\" type=\"text\" name=\"asuntomaara\" \/><\/span>\n\t\t\t<\/p>\n\t\t<\/td>\n\t<\/tr>\n\t<tr>\n\t\t<td>\n\t\t\t<p>Kerrosala: <span class=\"wpcf7-form-control-wrap\" data-name=\"kerrosala\"><input size=\"40\" maxlength=\"400\" class=\"wpcf7-form-control wpcf7-text\" aria-invalid=\"false\" value=\"\" type=\"text\" name=\"kerrosala\" \/><\/span>\n\t\t\t<\/p>\n\t\t<\/td>\n\t\t<td>\n\t\t\t<p>Tilavuus: <span class=\"wpcf7-form-control-wrap\" data-name=\"tilavuus\"><input size=\"40\" maxlength=\"400\" class=\"wpcf7-form-control wpcf7-text\" aria-invalid=\"false\" value=\"\" type=\"text\" name=\"tilavuus\" \/><\/span>\n\t\t\t<\/p>\n\t\t<\/td>\n\t<\/tr>\n\t<tr>\n\t\t<td>\n\t\t\t<p>Valmistumisvuosi: <span class=\"wpcf7-form-control-wrap\" data-name=\"valmistumisvuosi\"><input size=\"40\" maxlength=\"400\" class=\"wpcf7-form-control wpcf7-text\" aria-invalid=\"false\" value=\"\" type=\"text\" name=\"valmistumisvuosi\" \/><\/span>\n\t\t\t<\/p>\n\t\t<\/td>\n\t\t<td>\n\t\t\t<p>Aikaisempi energian kulutus: <span class=\"wpcf7-form-control-wrap\" data-name=\"aikaisempi\"><input size=\"30\" maxlength=\"400\" class=\"wpcf7-form-control wpcf7-text\" aria-invalid=\"false\" value=\"\" type=\"text\" name=\"aikaisempi\" \/><\/span><span class=\"wpcf7-form-control-wrap\" data-name=\"aiempityyppi\"><select class=\"wpcf7-form-control wpcf7-select\" aria-invalid=\"false\" name=\"aiempityyppi\"><option value=\"kWh\/vuosi\">kWh\/vuosi<\/option><option value=\"litraa\/vuosi\">litraa\/vuosi<\/option><\/select><\/span>\n\t\t\t<\/p>\n\t\t<\/td>\n\t<\/tr>\n<\/table>\n<p><input class=\"wpcf7-form-control wpcf7-submit has-spinner\" type=\"submit\" value=\"L\u00e4het\u00e4\" \/>\n<\/p><div class=\"wpcf7-response-output\" aria-hidden=\"true\"><\/div>\n<\/form>\n<\/div>\n<\/p>\n","protected":false},"excerpt":{"rendered":"<p>T\u00e4yt\u00e4 tarjouspyynt\u00f6lomake mahdollisimman yksityiskohtaisesti k\u00e4yt\u00f6ss\u00e4si oleviesi tietojen perusteella. Tarjous on sit\u00e4 tarkempi, mit\u00e4 enemm\u00e4n saamme tietoja sen antamiseksi.<\/p>\n","protected":false},"author":1,"featured_media":0,"parent":64,"menu_order":0,"comment_status":"closed","ping_status":"closed","template":"page-templates\/real-full-width.php","meta":{"footnotes":""},"class_list":["post-75","page","type-page","status-publish","hentry"],"_links":{"self":[{"href":"https:\/\/www.lampohuolto.fi\/index.php?rest_route=\/wp\/v2\/pages\/75","targetHints":{"allow":["GET"]}}],"collection":[{"href":"https:\/\/www.lampohuolto.fi\/index.php?rest_route=\/wp\/v2\/pages"}],"about":[{"href":"https:\/\/www.lampohuolto.fi\/index.php?rest_route=\/wp\/v2\/types\/page"}],"author":[{"embeddable":true,"href":"https:\/\/www.lampohuolto.fi\/index.php?rest_route=\/wp\/v2\/users\/1"}],"replies":[{"embeddable":true,"href":"https:\/\/www.lampohuolto.fi\/index.php?rest_route=%2Fwp%2Fv2%2Fcomments&post=75"}],"version-history":[{"count":3,"href":"https:\/\/www.lampohuolto.fi\/index.php?rest_route=\/wp\/v2\/pages\/75\/revisions"}],"predecessor-version":[{"id":78,"href":"https:\/\/www.lampohuolto.fi\/index.php?rest_route=\/wp\/v2\/pages\/75\/revisions\/78"}],"up":[{"embeddable":true,"href":"https:\/\/www.lampohuolto.fi\/index.php?rest_route=\/wp\/v2\/pages\/64"}],"wp:attachment":[{"href":"https:\/\/www.lampohuolto.fi\/index.php?rest_route=%2Fwp%2Fv2%2Fmedia&parent=75"}],"curies":[{"name":"wp","href":"https:\/\/api.w.org\/{rel}","templated":true}]}}