{"id":755,"date":"2019-03-28T10:57:23","date_gmt":"2019-03-28T08:57:23","guid":{"rendered":"http:\/\/www.lampohuolto.fi\/?page_id=755"},"modified":"2025-10-13T14:51:27","modified_gmt":"2025-10-13T11:51:27","slug":"kaukolammon-hinta","status":"publish","type":"page","link":"https:\/\/www.lampohuolto.fi\/?page_id=755","title":{"rendered":"Kaukol\u00e4mm\u00f6n hinta"},"content":{"rendered":"<ol>\n<li><strong>LIITTYMISMAKSU<\/strong><\/li>\n<\/ol>\n<p>Liittymismaksu m\u00e4\u00e4r\u00e4ytyy kiinteist\u00f6n tarvitseman l\u00e4mp\u00f6tehon mukaan kaavasta, jossa kertoimet ovat seuraavat:<\/p>\n<p>k1 = kerroin, joka on uusilla taloilla 2,0 &#8211; 2,5 ja<\/p>\n<p>vanhoilla taloilla 1,5 &#8211; 2,5<\/p>\n<p>V = tilausvesivirta m\u00b3\/h<\/p>\n<p><strong>\u00a0 \u00a0Tilausvesivirta\u00a0 \u00a0 \u00a0 \u00a0 \u00a0 \u00a0 \u00a0 \u00a0 \u00a0 \u00a0 \u00a0 \u00a0Liittymismaksu<\/strong><\/p>\n<p>0 &#8211;\u00a0 2\u00a0 m<sup>3<\/sup>\/h\u00a0 \u00a0 \u00a0 \u00a0 \u00a0 \u00a0 \u00a0 \u00a0 \u00a0 \u00a0 \u00a0 \u00a0 k1 x (\u00a0\u00a0\u00a0\u00a0 840,94 \u20ac + (3 363,76 \u20ac\u00a0 x V))<\/p>\n<p>2 &#8211; 10 m<sup>3<\/sup>\/h\u00a0 \u00a0 \u00a0 \u00a0 \u00a0 \u00a0 \u00a0 \u00a0 \u00a0 \u00a0 \u00a0 k1 x (\u00a0 3 868,32 \u20ac + (1 850,07 \u20ac\u00a0 x V))<\/p>\n<p>10 &#8211; 20 m<sup>3<\/sup>\/h\u00a0 \u00a0 \u00a0 \u00a0 \u00a0 \u00a0 \u00a0 \u00a0 \u00a0 \u00a0 \u00a0k1 x (\u00a0 8 913,96 \u20ac + (1 345,50 \u20ac\u00a0 x V))<\/p>\n<p>20 &#8211;\u00a0\u00a0\u00a0\u00a0\u00a0 m<sup>3<\/sup>\/h\u00a0 \u00a0 \u00a0 \u00a0 \u00a0 \u00a0 \u00a0 \u00a0 \u00a0 \u00a0 \u00a0 k1 x (15 641,48 \u20ac + (1 009,13 \u20ac\u00a0 x V))<\/p>\n<p>Pienin kaukol\u00e4mm\u00f6n liittymismaksu liittyj\u00e4n tilausvesivirrasta riippumatta on 3.288,10 \u20ac (alv 25,5 %).<\/p>\n<ul>\n<li>L\u00e4mm\u00f6njakohuone 1-kerroksessa ja ulkosein\u00e4ll\u00e4<\/li>\n<li>Omakotitalon liittymismaksu kattaa <strong>30<\/strong> metri\u00e4 putkistoa ulkopuolella ja <strong>2<\/strong> metri\u00e4 rakennuksen sis\u00e4ll\u00e4. Ylimenevilt\u00e4 perit\u00e4\u00e4n 120 \u20ac\/m ulkopuolella ja 50 \u20ac\/m sis\u00e4puolella. Tonttialueen viimeistelyty\u00f6t, kuten asfaltointi, kivity\u00f6t ja viherty\u00f6t eiv\u00e4t sis\u00e4lly hintaan.<\/li>\n<li>Teollisuudelle r\u00e4\u00e4t\u00e4l\u00f6id\u00e4\u00e4n tarpeen mukaan erillisi\u00e4 sopimuksia<\/li>\n<\/ul>\n<ol start=\"2\">\n<li><strong>PERUSMAKSU<\/strong><\/li>\n<\/ol>\n<p>Energialaitoksen kaukol\u00e4mp\u00f6verkkoon liittyneet kiinteist\u00f6t maksavat tilaamastaan l\u00e4mp\u00f6tehosta perusmaksun ja k\u00e4ytt\u00e4m\u00e4st\u00e4\u00e4n l\u00e4mp\u00f6energiasta energiamaksun. Perusmaksu m\u00e4\u00e4r\u00e4ytyy kiinteist\u00f6n tilausvesivirran mukaan seuraavasti:<\/p>\n<p>Tilausvesivirta m<sup>3<\/sup>\/h\u00a0 \u00a0 \u00a0 \u00a0 \u00a0 \u00a0 \u00a0 \u00a0 \u00a0 \u00a0 \u00a0 \u00a0Perusmaksu \u20ac\/vuosi<\/p>\n<p><strong>\u00a0 \u00a0 \u00a0 \u00a0 \u00a0 \u00a0 \u00a0 \u00a0 \u00a0 \u00a0 \u00a0 alle\u00a0\u00a0\u00a0 0,8\u00a0\u00a0\u00a0\u00a0\u00a0\u00a0\u00a0\u00a0\u00a0\u00a0\u00a0\u00a0\u00a0\u00a0\u00a0\u00a0\u00a0\u00a0\u00a0\u00a0\u00a0\u00a0\u00a0\u00a0\u00a0\u00a0\u00a0\u00a0 K (\u00a0\u00a0\u00a0\u00a0 26,91 \u20ac + (708,07 \u20ac x V))<\/strong><\/p>\n<p><strong>\u00a0\u00a0\u00a0\u00a0\u00a0 <\/strong><strong>\u00a0 \u00a0 \u00a0 \u00a0 \u00a0 \u00a0 \u00a0 \u00a0 \u00a00,8 &#8211; 2,0\u00a0\u00a0\u00a0\u00a0\u00a0\u00a0\u00a0\u00a0\u00a0\u00a0\u00a0\u00a0\u00a0\u00a0\u00a0\u00a0\u00a0\u00a0\u00a0\u00a0\u00a0\u00a0\u00a0\u00a0\u00a0\u00a0\u00a0K (\u00a0\u00a0\u00a0\u00a0 47,09 \u20ac + (682,84 \u20ac x V))<\/strong><\/p>\n<p><strong>\u00a0 \u00a0 \u00a0 \u00a0 \u00a0 \u00a0 \u00a0 \u00a0 \u00a0 \u00a0 \u00a0 2,0 &#8211; 8,0\u00a0\u00a0\u00a0\u00a0\u00a0\u00a0\u00a0\u00a0\u00a0\u00a0\u00a0\u00a0\u00a0\u00a0\u00a0\u00a0\u00a0\u00a0\u00a0\u00a0\u00a0\u00a0\u00a0\u00a0\u00a0\u00a0\u00a0\u00a0K(\u00a0\u00a0 706,39 \u20ac + (353,19 \u20ac x V))<\/strong><\/p>\n<p><strong>\u00a0\u00a0\u00a0\u00a0\u00a0\u00a0\u00a0\u00a0\u00a0\u00a0\u00a0\u00a0\u00a0\u00a0\u00a0\u00a0\u00a0\u00a0\u00a0 <\/strong><strong>\u00a0yli\u00a0\u00a0\u00a0\u00a0\u00a0 8,0\u00a0\u00a0\u00a0\u00a0\u00a0\u00a0\u00a0\u00a0\u00a0\u00a0\u00a0\u00a0\u00a0\u00a0\u00a0\u00a0\u00a0\u00a0\u00a0\u00a0\u00a0\u00a0\u00a0\u00a0\u00a0\u00a0\u00a0K (2 119,17 \u20ac + (176,60 \u20ac x V))<\/strong><\/p>\n<p>K = kaukol\u00e4mp\u00f6laitoksen kiinteiden kustannusten hintatasosta riippuva kerroin \u00a02,61 (alv 25,5 %).<\/p>\n<p><strong>\u00a0<\/strong><strong>ENERGIAMAKSU<\/strong><\/p>\n<p>Energian hinta m\u00e4\u00e4r\u00e4ytyy k\u00e4ytett\u00e4vien merkitt\u00e4vien polttoaineiden ostoenergioiden suhteessa.<\/p>\n<p>Energiamaksu 1.10.2025 alkaen 84,09 \u20ac\/MWh (alv 25,5 %).<\/p>\n<ol start=\"4\">\n<li><strong>PALVELUMAKSUT<\/strong><\/li>\n<\/ol>\n<p><strong>Mittarit<\/strong><\/p>\n<p>Mittarit luetaan et\u00e4luennalla kuukauden vaihtuessa, ellei ne ole jo tuntisessa luennassa. Jos kiinteist\u00f6n l\u00e4mp\u00f6lukemia ei saada ollenkaan, kulutus arvioidaan. Jos lukemia ei saada asiakkaasta johtuvasta syyst\u00e4, esim. mittarille ei tule s\u00e4hk\u00f6\u00e4, arviointimaksu laskutetaan asiakkaalta.<\/p>\n<p>Mittarinlukumaksu\u00a0\u00a0\u00a0\u00a0\u00a0\u00a0\u00a0\u00a0\u00a0\u00a0\u00a0\u00a0\u00a0\u00a0\u00a0\u00a0\u00a0\u00a0\u00a0\u00a0\u00a0\u00a0\u00a0\u00a0\u00a0\u00a0\u00a0\u00a0\u00a0\u00a0\u00a0\u00a0\u00a0\u00a0\u00a0\u00a0\u00a0\u00a0\u00a0\u00a0\u00a0\u00a0 11,00 \u20ac<\/p>\n<p>Kulutuksen arviointimaksu\u00a0\u00a0\u00a0\u00a0\u00a0\u00a0\u00a0\u00a0\u00a0\u00a0\u00a0\u00a0\u00a0\u00a0\u00a0\u00a0\u00a0\u00a0\u00a0\u00a0\u00a0\u00a0\u00a0\u00a0 11,00 \u20ac<\/p>\n<p>Mittarin tarkastusluenta\u00a0\u00a0\u00a0\u00a0\u00a0\u00a0\u00a0\u00a0\u00a0\u00a0\u00a0\u00a0\u00a0\u00a0\u00a0\u00a0\u00a0\u00a0\u00a0\u00a0\u00a0\u00a0\u00a0\u00a0\u00a0\u00a0\u00a0\u00a0\u00a0\u00a0 17,00 \u20ac<\/p>\n<p>Asiakkaan pulssikortti<\/p>\n<p>&#8211; aloitusmaksu\u00a0\u00a0\u00a0\u00a0\u00a0\u00a0\u00a0\u00a0\u00a0\u00a0\u00a0\u00a0\u00a0\u00a0\u00a0\u00a0\u00a0\u00a0\u00a0\u00a0\u00a0\u00a0 \u00a0\u00a0\u00a0\u00a0\u00a0\u00a0\u00a0\u00a0\u00a0\u00a0\u00a0\u00a0\u00a0\u00a0\u00a0\u00a0\u00a0\u00a0\u00a0\u00a0\u00a0\u00a0\u00a0\u00a0\u00a0\u00a0\u00a0\u00a0 90,00 \u20ac<\/p>\n<p>&#8211; k\u00e4ytt\u00f6maksu\u00a0\u00a0\u00a0\u00a0\u00a0\u00a0\u00a0\u00a0\u00a0\u00a0\u00a0\u00a0\u00a0\u00a0\u00a0\u00a0\u00a0\u00a0\u00a0\u00a0\u00a0\u00a0\u00a0\u00a0 \u00a0\u00a0\u00a0\u00a0\u00a0\u00a0\u00a0\u00a0\u00a0\u00a0\u00a0\u00a0\u00a0\u00a0\u00a0\u00a0\u00a0\u00a0\u00a0\u00a0\u00a0\u00a0\u00a0\u00a0\u00a0\u00a0\u00a0\u00a0 5,16 \u20ac\/kk<\/p>\n<p>L\u00e4mp\u00f6laskurin pulssien antaminen asiakkaalle kustannusten mukaan<\/p>\n<p><strong>Laskutus\/Perint\u00e4<\/strong><\/p>\n<p>Taannehtivat laskujen selvitykset\u00a0\u00a0\u00a0\u00a0\u00a0\u00a0\u00a0\u00a0\u00a0\u00a0\u00a0 40,00 \u20ac\/h<\/p>\n<p>Perimiskulut, alv 0 %\u00a0\u00a0\u00a0\u00a0\u00a0\u00a0\u00a0\u00a0\u00a0\u00a0\u00a0\u00a0\u00a0\u00a0\u00a0\u00a0\u00a0\u00a0\u00a0\u00a0\u00a0\u00a0\u00a0\u00a0\u00a0\u00a0\u00a0\u00a0\u00a0\u00a0\u00a0\u00a0\u00a0\u00a0\u00a0\u00a0\u00a0\u00a0\u00a0 5,00 \u20ac<\/p>\n<p>Katkaisuilmoitusmaksut, alv 0 %\u00a0\u00a0\u00a0\u00a0\u00a0\u00a0\u00a0\u00a0\u00a0\u00a0\u00a0\u00a0 8,50 \u20ac<\/p>\n<p>Viiv\u00e4styskorko\u00a0 \u00a0 \u00a0 \u00a0 \u00a0 \u00a0 \u00a0 \u00a0 \u00a0 \u00a0 \u00a0 \u00a0 \u00a0 \u00a0 \u00a0 \u00a0 \u00a0 \u00a0 \u00a0 \u00a0 \u00a0 \u00a0 \u00a0 \u00a0 \u00a0 \u00a0 korkolain mukaan<\/p>\n<p><strong>Kaukol\u00e4mm\u00f6n katkaisu\/kytkent\u00e4 perinn\u00e4n yhteydess\u00e4<\/strong><\/p>\n<p>Katkaisu\u00a0\u00a0\u00a0\u00a0\u00a0\u00a0\u00a0\u00a0 \u00a0\u00a0\u00a0\u00a0\u00a0\u00a0\u00a0\u00a0\u00a0\u00a0\u00a0\u00a0\u00a0\u00a0\u00a0\u00a0\u00a0\u00a0\u00a0\u00a0\u00a0\u00a0\u00a0\u00a0\u00a0\u00a0\u00a0\u00a0\u00a0\u00a0\u00a0\u00a0\u00a0\u00a0\u00a0\u00a0\u00a0\u00a0\u00a0\u00a0\u00a0\u00a0\u00a0\u00a0\u00a0\u00a0\u00a0\u00a0\u00a0\u00a0\u00a0\u00a0\u00a0\u00a0\u00a0\u00a0\u00a0 160,00 \u20ac<\/p>\n<p>Kytkent\u00e4\u00a0\u00a0\u00a0\u00a0\u00a0\u00a0\u00a0\u00a0\u00a0\u00a0\u00a0\u00a0\u00a0\u00a0\u00a0\u00a0\u00a0\u00a0\u00a0\u00a0\u00a0\u00a0\u00a0\u00a0\u00a0\u00a0\u00a0\u00a0\u00a0\u00a0\u00a0\u00a0\u00a0\u00a0\u00a0\u00a0\u00a0\u00a0\u00a0\u00a0\u00a0\u00a0\u00a0\u00a0\u00a0\u00a0\u00a0\u00a0\u00a0\u00a0\u00a0\u00a0\u00a0\u00a0\u00a0\u00a0\u00a0\u00a0\u00a0\u00a0\u00a0\u00a0\u00a0\u00a0\u00a0\u00a0 330,00 \u20ac\u00a0 <strong>\u00a0 \u00a0 \u00a0 \u00a0 \u00a0 \u00a0 \u00a0 \u00a0 \u00a0 \u00a0 \u00a0 \u00a0 \u00a0 \u00a0 \u00a0 \u00a0 \u00a0 \u00a0 \u00a0 \u00a0<\/strong><\/p>\n<p><strong>Putken n\u00e4ytt\u00f6<\/strong><\/p>\n<p>Asiakkaan omat putket\u00a0\u00a0\u00a0\u00a0\u00a0\u00a0\u00a0\u00a0\u00a0\u00a0\u00a0\u00a0\u00a0\u00a0\u00a0\u00a0\u00a0\u00a0\u00a0\u00a0\u00a0\u00a0\u00a0\u00a0\u00a0\u00a0\u00a0\u00a0\u00a0\u00a0\u00a0\u00a0\u00a0\u00a0 48,00 \u20ac<\/p>\n<p><strong>Tuntiveloitus<\/strong><\/p>\n<p>Tuntiveloitus\u00a0\u00a0\u00a0\u00a0\u00a0\u00a0\u00a0\u00a0\u00a0\u00a0\u00a0\u00a0\u00a0\u00a0\u00a0\u00a0\u00a0\u00a0\u00a0\u00a0\u00a0\u00a0\u00a0\u00a0\u00a0\u00a0\u00a0\u00a0 \u00a0\u00a0\u00a0\u00a0\u00a0\u00a0\u00a0\u00a0\u00a0\u00a0\u00a0\u00a0\u00a0\u00a0\u00a0\u00a0\u00a0\u00a0\u00a0\u00a0\u00a0\u00a0\u00a0\u00a0\u00a0\u00a0\u00a0\u00a0 48,00 \u20ac<\/p>\n<p>S\u00e4hk\u00f6ty\u00f6t\u00a0\u00a0\u00a0\u00a0\u00a0\u00a0\u00a0\u00a0\u00a0\u00a0\u00a0\u00a0\u00a0\u00a0\u00a0\u00a0\u00a0\u00a0\u00a0\u00a0\u00a0\u00a0\u00a0\u00a0\u00a0\u00a0\u00a0\u00a0\u00a0\u00a0\u00a0\u00a0\u00a0\u00a0 \u00a0\u00a0\u00a0\u00a0\u00a0\u00a0\u00a0\u00a0\u00a0\u00a0\u00a0\u00a0\u00a0\u00a0\u00a0\u00a0\u00a0\u00a0\u00a0\u00a0\u00a0\u00a0\u00a0\u00a0\u00a0\u00a0\u00a0\u00a0 58,00 \u20ac<\/p>\n<p>&nbsp;<\/p>\n<p><strong>Kaukol\u00e4mp\u00f6laitteiden katselmus<\/strong><\/p>\n<p>Omakotitalot\u00a0\u00a0\u00a0\u00a0\u00a0\u00a0\u00a0\u00a0\u00a0\u00a0\u00a0\u00a0\u00a0\u00a0\u00a0\u00a0\u00a0\u00a0\u00a0\u00a0\u00a0\u00a0\u00a0\u00a0\u00a0\u00a0\u00a0\u00a0\u00a0\u00a0\u00a0\u00a0\u00a0\u00a0\u00a0\u00a0\u00a0\u00a0\u00a0\u00a0\u00a0\u00a0\u00a0\u00a0\u00a0\u00a0\u00a0\u00a0\u00a0\u00a0\u00a0\u00a0\u00a0\u00a0\u00a0 100,00 \u20ac<\/p>\n<p>Asuinkiinteist\u00f6t\u00a0\u00a0\u00a0\u00a0\u00a0\u00a0\u00a0\u00a0\u00a0\u00a0\u00a0\u00a0\u00a0\u00a0\u00a0\u00a0\u00a0\u00a0\u00a0\u00a0\u00a0\u00a0\u00a0\u00a0\u00a0\u00a0\u00a0\u00a0\u00a0\u00a0\u00a0\u00a0\u00a0\u00a0\u00a0\u00a0\u00a0\u00a0\u00a0\u00a0\u00a0\u00a0\u00a0\u00a0\u00a0\u00a0\u00a0\u00a0\u00a0\u00a0 250,00 \u20ac<\/p>\n<p>Muut kiinteist\u00f6t\u00a0\u00a0\u00a0\u00a0\u00a0\u00a0\u00a0\u00a0\u00a0\u00a0\u00a0\u00a0\u00a0\u00a0\u00a0\u00a0\u00a0\u00a0\u00a0\u00a0\u00a0\u00a0\u00a0\u00a0\u00a0\u00a0\u00a0\u00a0\u00a0\u00a0\u00a0\u00a0\u00a0\u00a0\u00a0\u00a0\u00a0\u00a0\u00a0\u00a0\u00a0\u00a0\u00a0\u00a0\u00a0\u00a0\u00a0\u00a0\u00a0\u00a0 300,00 \u20ac<\/p>\n<p><strong>Tilausvesivirran muutokset<\/strong><\/p>\n<p>Tilausvesivirran tarkistus<\/p>\n<ul>\n<li>omakotitalot\u00a0 \u00a0 \u00a0 \u00a0 \u00a0 \u00a0 \u00a0 \u00a0 \u00a0 \u00a0 \u00a0 \u00a0 \u00a0 \u00a0 \u00a0 \u00a0 \u00a0 \u00a0 \u00a0 \u00a0 \u00a0 \u00a0 \u00a0 \u00a0 \u00a0 \u00a0150,00 \u20ac<\/li>\n<li>muut kiinteist\u00f6t\u00a0 \u00a0 \u00a0 \u00a0 \u00a0 \u00a0 \u00a0 \u00a0 \u00a0 \u00a0 \u00a0 \u00a0 \u00a0 \u00a0 \u00a0 \u00a0 \u00a0 \u00a0 \u00a0 \u00a0 \u00a0 \u00a0 550,00 \u20ac<\/li>\n<\/ul>\n<p>Tilausvesivirran rajoitus\u00a0 \u00a0 \u00a0 \u00a0 \u00a0 \u00a0 \u00a0 \u00a0 \u00a0 \u00a0 \u00a0 \u00a0 \u00a0 \u00a0 \u00a0 \u00a0 600,00 \u20ac<\/p>\n<p>Seurantamittaus\u00a0\u00a0\u00a0\u00a0\u00a0\u00a0\u00a0\u00a0\u00a0\u00a0\u00a0\u00a0\u00a0\u00a0\u00a0\u00a0\u00a0\u00a0 \u00a0\u00a0\u00a0\u00a0\u00a0\u00a0\u00a0\u00a0\u00a0\u00a0\u00a0\u00a0\u00a0\u00a0\u00a0\u00a0\u00a0\u00a0\u00a0\u00a0\u00a0\u00a0\u00a0\u00a0\u00a0\u00a0\u00a0\u00a0 200,00 \u20ac<\/p>\n<p>&nbsp;<\/p>\n<p>&nbsp;<\/p>\n","protected":false},"excerpt":{"rendered":"<p>LIITTYMISMAKSU Liittymismaksu m\u00e4\u00e4r\u00e4ytyy kiinteist\u00f6n tarvitseman l\u00e4mp\u00f6tehon mukaan kaavasta, jossa kertoimet ovat seuraavat: k1 = kerroin, joka on uusilla taloilla 2,0 &#8211; 2,5 ja vanhoilla taloilla 1,5 &#8211; 2,5 V = tilausvesivirta m\u00b3\/h \u00a0 \u00a0Tilausvesivirta\u00a0 \u00a0 \u00a0 \u00a0 \u00a0 \u00a0 \u00a0 \u00a0 \u00a0 \u00a0 \u00a0 \u00a0Liittymismaksu 0 &#8211;\u00a0 2\u00a0 m3\/h\u00a0 \u00a0 \u00a0 \u00a0 \u00a0 \u00a0 \u00a0 &hellip; <a href=\"https:\/\/www.lampohuolto.fi\/?page_id=755\" class=\"more-link\">Jatka lukemista <span class=\"screen-reader-text\">Kaukol\u00e4mm\u00f6n hinta<\/span> <span class=\"meta-nav\">&rarr;<\/span><\/a><\/p>\n","protected":false},"author":3,"featured_media":0,"parent":62,"menu_order":0,"comment_status":"closed","ping_status":"closed","template":"page-templates\/real-full-width.php","meta":{"footnotes":""},"class_list":["post-755","page","type-page","status-publish","hentry"],"_links":{"self":[{"href":"https:\/\/www.lampohuolto.fi\/index.php?rest_route=\/wp\/v2\/pages\/755","targetHints":{"allow":["GET"]}}],"collection":[{"href":"https:\/\/www.lampohuolto.fi\/index.php?rest_route=\/wp\/v2\/pages"}],"about":[{"href":"https:\/\/www.lampohuolto.fi\/index.php?rest_route=\/wp\/v2\/types\/page"}],"author":[{"embeddable":true,"href":"https:\/\/www.lampohuolto.fi\/index.php?rest_route=\/wp\/v2\/users\/3"}],"replies":[{"embeddable":true,"href":"https:\/\/www.lampohuolto.fi\/index.php?rest_route=%2Fwp%2Fv2%2Fcomments&post=755"}],"version-history":[{"count":15,"href":"https:\/\/www.lampohuolto.fi\/index.php?rest_route=\/wp\/v2\/pages\/755\/revisions"}],"predecessor-version":[{"id":1087,"href":"https:\/\/www.lampohuolto.fi\/index.php?rest_route=\/wp\/v2\/pages\/755\/revisions\/1087"}],"up":[{"embeddable":true,"href":"https:\/\/www.lampohuolto.fi\/index.php?rest_route=\/wp\/v2\/pages\/62"}],"wp:attachment":[{"href":"https:\/\/www.lampohuolto.fi\/index.php?rest_route=%2Fwp%2Fv2%2Fmedia&parent=755"}],"curies":[{"name":"wp","href":"https:\/\/api.w.org\/{rel}","templated":true}]}}