{"id":79,"date":"2014-08-04T14:37:03","date_gmt":"2014-08-04T11:37:03","guid":{"rendered":"http:\/\/www.lampohuolto.fi\/uusisivupohja\/?page_id=79"},"modified":"2014-08-04T14:50:31","modified_gmt":"2014-08-04T11:50:31","slug":"2001-2005","status":"publish","type":"page","link":"https:\/\/www.lampohuolto.fi\/?page_id=79","title":{"rendered":"2001-2005"},"content":{"rendered":"<h3>L\u00e4mmitystarveluvut kuukausittain<\/h3>\n<h3>2001<\/h3>\n<p>tammikuu 605<br \/>\nhelmikuu 759<br \/>\nmaaliskuu 706<br \/>\nhuhtikuu 378<br \/>\ntoukokuu 261<br \/>\nkes\u00e4kuu 109<br \/>\nhein\u00e4kuu 34<br \/>\nelokuu 92<br \/>\nsyyskuu 160<br \/>\nlokakuu 307<br \/>\nmarraskuu 547<br \/>\njoulukuu 780<\/p>\n<p>yhteens\u00e4 4738<\/p>\n<h3>2002<\/h3>\n<p>tammikuu 690<br \/>\nhelmikuu 507<br \/>\nmaaliskuu 578<br \/>\nhuhtikuu 320<br \/>\ntoukokuu 83<br \/>\nkes\u00e4kuu 35<br \/>\nhein\u00e4kuu 20<br \/>\nelokuu 16<br \/>\nsyyskuu 263<br \/>\nlokakuu 507<br \/>\nmarraskuu 678<br \/>\njoulukuu 809<\/p>\n<p>yhteens\u00e4 4506<\/p>\n<h3>2003<\/h3>\n<p>tammikuu 905<br \/>\nhelmikuu 669<br \/>\nmaaliskuu 552<br \/>\nhuhtikuu 469<br \/>\ntoukokuu 162<br \/>\nkes\u00e4kuu 31<br \/>\nhein\u00e4kuu 0<br \/>\nelokuu 55<br \/>\nsyyskuu 161<br \/>\nlokakuu 457<br \/>\nmarraskuu 485<br \/>\njoulukuu 608<\/p>\n<p>yhteens\u00e4 4554<\/p>\n<h3>2004<\/h3>\n<p>tammikuu 735<br \/>\nhelmikuu 648<br \/>\nmaaliskuu 591<br \/>\nhuhtikuu 342<br \/>\ntoukokuu 210<br \/>\nkes\u00e4kuu 32<br \/>\nhein\u00e4kuu 0<br \/>\nelokuu 60<br \/>\nsyyskuu 163<br \/>\nlokakuu 395<br \/>\nmarraskuu 566<br \/>\njoulukuu 580<\/p>\n<p>yhteens\u00e4 4322<\/p>\n<h3>2005<\/h3>\n<p>tammikuu 606<br \/>\nhelmikuu 644<br \/>\nmaaliskuu 737<br \/>\nhuhtikuu 400<br \/>\ntoukokuu 240<br \/>\nkes\u00e4kuu 23<br \/>\nhein\u00e4kuu 0<br \/>\nelokuu 6<br \/>\nsyyskuu 135<br \/>\nlokakuu 336<br \/>\nmarraskuu 428<br \/>\njoulukuu 708<\/p>\n<p>yhteens\u00e4 4263<\/p>\n","protected":false},"excerpt":{"rendered":"<p>L\u00e4mmitystarveluvut kuukausittain 2001 tammikuu 605 helmikuu 759 maaliskuu 706 huhtikuu 378 toukokuu 261 kes\u00e4kuu 109 hein\u00e4kuu 34 elokuu 92 syyskuu 160 lokakuu 307 marraskuu 547 joulukuu 780 yhteens\u00e4 4738 2002 tammikuu 690 helmikuu 507 maaliskuu 578 huhtikuu 320 toukokuu 83 kes\u00e4kuu 35 hein\u00e4kuu 20 elokuu 16 syyskuu 263 lokakuu 507 marraskuu 678 joulukuu 809 yhteens\u00e4 &hellip; <a href=\"https:\/\/www.lampohuolto.fi\/?page_id=79\" class=\"more-link\">Jatka lukemista <span class=\"screen-reader-text\">2001-2005<\/span> <span class=\"meta-nav\">&rarr;<\/span><\/a><\/p>\n","protected":false},"author":1,"featured_media":0,"parent":22,"menu_order":0,"comment_status":"closed","ping_status":"closed","template":"page-templates\/real-full-width.php","meta":{"footnotes":""},"class_list":["post-79","page","type-page","status-publish","hentry"],"_links":{"self":[{"href":"https:\/\/www.lampohuolto.fi\/index.php?rest_route=\/wp\/v2\/pages\/79","targetHints":{"allow":["GET"]}}],"collection":[{"href":"https:\/\/www.lampohuolto.fi\/index.php?rest_route=\/wp\/v2\/pages"}],"about":[{"href":"https:\/\/www.lampohuolto.fi\/index.php?rest_route=\/wp\/v2\/types\/page"}],"author":[{"embeddable":true,"href":"https:\/\/www.lampohuolto.fi\/index.php?rest_route=\/wp\/v2\/users\/1"}],"replies":[{"embeddable":true,"href":"https:\/\/www.lampohuolto.fi\/index.php?rest_route=%2Fwp%2Fv2%2Fcomments&post=79"}],"version-history":[{"count":4,"href":"https:\/\/www.lampohuolto.fi\/index.php?rest_route=\/wp\/v2\/pages\/79\/revisions"}],"predecessor-version":[{"id":95,"href":"https:\/\/www.lampohuolto.fi\/index.php?rest_route=\/wp\/v2\/pages\/79\/revisions\/95"}],"up":[{"embeddable":true,"href":"https:\/\/www.lampohuolto.fi\/index.php?rest_route=\/wp\/v2\/pages\/22"}],"wp:attachment":[{"href":"https:\/\/www.lampohuolto.fi\/index.php?rest_route=%2Fwp%2Fv2%2Fmedia&parent=79"}],"curies":[{"name":"wp","href":"https:\/\/api.w.org\/{rel}","templated":true}]}}