{"id":826,"date":"2019-11-15T11:44:32","date_gmt":"2019-11-15T09:44:32","guid":{"rendered":"http:\/\/www.lampohuolto.fi\/?page_id=826"},"modified":"2021-07-17T14:45:17","modified_gmt":"2021-07-17T11:45:17","slug":"vaihda-e-laskuun","status":"publish","type":"page","link":"https:\/\/www.lampohuolto.fi\/?page_id=826","title":{"rendered":"Vaihda e-laskuun"},"content":{"rendered":"<p><strong>Vaihda laskutustavaksi e-lasku <\/strong><br \/>\nE-lasku on vaivaton ja turvallinen vaihtoehto paperilaskulle. Laskut l\u00f6yt\u00e4v\u00e4t nopeasti ja varmasti perille niin arkena kuin lomallakin, eiv\u00e4tk\u00e4 j\u00e4\u00e4 lojumaan postilaatikkoon tai h\u00e4vi\u00e4.<br \/>\nE-laskun tiedot ovat aina oikein. Sinun ei tarvitse n\u00e4pp\u00e4ill\u00e4 pitki\u00e4 tili- ja viitenumeroita itse, vaan tiedot ovat valmiina verkkopankissasi ja maksusi menee aina oikealle tilille.<br \/>\nJos valitset automaattisen hyv\u00e4ksynn\u00e4n, sinun ei tarvitse k\u00e4yd\u00e4 hyv\u00e4ksym\u00e4ss\u00e4 laskuja erikseen, vaan ne hoituvat itsest\u00e4\u00e4n.<br \/>\nVoit aina tehd\u00e4 muokkauksia yksitt\u00e4iseen e-laskuun ja e-laskutilaukseen, my\u00f6s silloin kun valitset automaattisen veloituksen. Voit esim. vaihtaa maksutili\u00e4 tai aikaistaa er\u00e4p\u00e4iv\u00e4\u00e4.<br \/>\nE-laskut ovat hyv\u00e4ss\u00e4 tallessa verkkopankkisi e-laskuarkistossa, joten voit halutessasi palata niiden tietoihin my\u00f6hemmin.<br \/>\nVoit my\u00f6s automaattiveloituksen avulla s\u00e4\u00e4st\u00e4\u00e4 siin\u00e4, ett\u00e4 laskut hoituvat aina ajallaan etk\u00e4 siten joudu maksamaan viiv\u00e4stys- tai muistutusmaksuja.<\/p>\n<p><strong>Teet e-laskuilmoituksen helposti omassa verkkopankissasi:<\/strong><br \/>\n&#8211; valitse e-laskut \/ tilaa e-lasku<br \/>\n&#8211; valitse laskuttajaluettelosta Kauhajoen L\u00e4mp\u00f6huolto Oy<br \/>\n&#8211; merkitse maksun aiheeksi kaukol\u00e4mp\u00f6lasku<br \/>\n&#8211; anna tunnistetiedoksi viimeisimm\u00e4n laskun viitenumero<br \/>\n&#8211; kun olemme vastaanottaneet pankkisi l\u00e4hett\u00e4m\u00e4n vastaanottajailmoituksen, saat seuraavan laskusi verkkopankkiisi ja valintasi mukaan se maksetaan tililt\u00e4si automaattisesti er\u00e4p\u00e4iv\u00e4n\u00e4 tai hyv\u00e4ksyt sen joka kerran erikseen maksuun<\/p>\n","protected":false},"excerpt":{"rendered":"<p>Vaihda laskutustavaksi e-lasku E-lasku on vaivaton ja turvallinen vaihtoehto paperilaskulle. Laskut l\u00f6yt\u00e4v\u00e4t nopeasti ja varmasti perille niin arkena kuin lomallakin, eiv\u00e4tk\u00e4 j\u00e4\u00e4 lojumaan postilaatikkoon tai h\u00e4vi\u00e4. E-laskun tiedot ovat aina oikein. Sinun ei tarvitse n\u00e4pp\u00e4ill\u00e4 pitki\u00e4 tili- ja viitenumeroita itse, vaan tiedot ovat valmiina verkkopankissasi ja maksusi menee aina oikealle tilille. Jos valitset automaattisen hyv\u00e4ksynn\u00e4n, &hellip; <a href=\"https:\/\/www.lampohuolto.fi\/?page_id=826\" class=\"more-link\">Jatka lukemista <span class=\"screen-reader-text\">Vaihda e-laskuun<\/span> <span class=\"meta-nav\">&rarr;<\/span><\/a><\/p>\n","protected":false},"author":3,"featured_media":0,"parent":64,"menu_order":0,"comment_status":"closed","ping_status":"closed","template":"page-templates\/real-full-width.php","meta":{"footnotes":""},"class_list":["post-826","page","type-page","status-publish","hentry"],"_links":{"self":[{"href":"https:\/\/www.lampohuolto.fi\/index.php?rest_route=\/wp\/v2\/pages\/826","targetHints":{"allow":["GET"]}}],"collection":[{"href":"https:\/\/www.lampohuolto.fi\/index.php?rest_route=\/wp\/v2\/pages"}],"about":[{"href":"https:\/\/www.lampohuolto.fi\/index.php?rest_route=\/wp\/v2\/types\/page"}],"author":[{"embeddable":true,"href":"https:\/\/www.lampohuolto.fi\/index.php?rest_route=\/wp\/v2\/users\/3"}],"replies":[{"embeddable":true,"href":"https:\/\/www.lampohuolto.fi\/index.php?rest_route=%2Fwp%2Fv2%2Fcomments&post=826"}],"version-history":[{"count":2,"href":"https:\/\/www.lampohuolto.fi\/index.php?rest_route=\/wp\/v2\/pages\/826\/revisions"}],"predecessor-version":[{"id":942,"href":"https:\/\/www.lampohuolto.fi\/index.php?rest_route=\/wp\/v2\/pages\/826\/revisions\/942"}],"up":[{"embeddable":true,"href":"https:\/\/www.lampohuolto.fi\/index.php?rest_route=\/wp\/v2\/pages\/64"}],"wp:attachment":[{"href":"https:\/\/www.lampohuolto.fi\/index.php?rest_route=%2Fwp%2Fv2%2Fmedia&parent=826"}],"curies":[{"name":"wp","href":"https:\/\/api.w.org\/{rel}","templated":true}]}}