{"id":83,"date":"2014-08-04T14:37:40","date_gmt":"2014-08-04T11:37:40","guid":{"rendered":"http:\/\/www.lampohuolto.fi\/uusisivupohja\/?page_id=83"},"modified":"2023-02-17T12:15:29","modified_gmt":"2023-02-17T10:15:29","slug":"2011-2014","status":"publish","type":"page","link":"https:\/\/www.lampohuolto.fi\/?page_id=83","title":{"rendered":"2021-2026"},"content":{"rendered":"<h3>L\u00e4mmitystarveluvut kuukausittain<\/h3>\n<h3>2021<\/h3>\n<p>tammikuu 718,3<br \/>\nhelmikuu 725,0<br \/>\nmaaliskuu 567,2<br \/>\nhuhtikuu 422,0<br \/>\ntoukokuu 215,5<br \/>\nkes\u00e4kuu 0,0<br \/>\nhein\u00e4kuu 0,0<br \/>\nelokuu 22,3<br \/>\nsyyskuu 244,3<br \/>\nlokakuu 317,9<br \/>\nmarraskuu 542,1<br \/>\njoulukuu 773,2<\/p>\n<h3>2022<\/h3>\n<p>tammikuu 677,8<br \/>\nhelmikuu 595,2<br \/>\nmaaliskuu 531,2<br \/>\nhuhtikuu 448,0<br \/>\ntoukokuu 178,5<br \/>\nkes\u00e4kuu 0,0<br \/>\nhein\u00e4kuu 0<br \/>\nelokuu 8<br \/>\nsyyskuu 249<br \/>\nlokakuu 318<br \/>\nmarraskuu 466<br \/>\njoulukuu 658<\/p>\n<h3>2023<\/h3>\n<p>tammikuu 597<\/p>\n<p>&nbsp;<\/p>\n<p>&nbsp;<\/p>\n<p>&nbsp;<\/p>\n<p>&nbsp;<\/p>\n","protected":false},"excerpt":{"rendered":"<p>L\u00e4mmitystarveluvut kuukausittain 2021 tammikuu 718,3 helmikuu 725,0 maaliskuu 567,2 huhtikuu 422,0 toukokuu 215,5 kes\u00e4kuu 0,0 hein\u00e4kuu 0,0 elokuu 22,3 syyskuu 244,3 lokakuu 317,9 marraskuu 542,1 joulukuu 773,2 2022 tammikuu 677,8 helmikuu 595,2 maaliskuu 531,2 huhtikuu 448,0 toukokuu 178,5 kes\u00e4kuu 0,0 hein\u00e4kuu 0 elokuu 8 syyskuu 249 lokakuu 318 marraskuu 466 joulukuu 658 2023 tammikuu 597 &hellip; <a href=\"https:\/\/www.lampohuolto.fi\/?page_id=83\" class=\"more-link\">Jatka lukemista <span class=\"screen-reader-text\">2021-2026<\/span> <span class=\"meta-nav\">&rarr;<\/span><\/a><\/p>\n","protected":false},"author":1,"featured_media":0,"parent":22,"menu_order":0,"comment_status":"closed","ping_status":"closed","template":"page-templates\/real-full-width.php","meta":{"footnotes":""},"class_list":["post-83","page","type-page","status-publish","hentry"],"_links":{"self":[{"href":"https:\/\/www.lampohuolto.fi\/index.php?rest_route=\/wp\/v2\/pages\/83","targetHints":{"allow":["GET"]}}],"collection":[{"href":"https:\/\/www.lampohuolto.fi\/index.php?rest_route=\/wp\/v2\/pages"}],"about":[{"href":"https:\/\/www.lampohuolto.fi\/index.php?rest_route=\/wp\/v2\/types\/page"}],"author":[{"embeddable":true,"href":"https:\/\/www.lampohuolto.fi\/index.php?rest_route=\/wp\/v2\/users\/1"}],"replies":[{"embeddable":true,"href":"https:\/\/www.lampohuolto.fi\/index.php?rest_route=%2Fwp%2Fv2%2Fcomments&post=83"}],"version-history":[{"count":42,"href":"https:\/\/www.lampohuolto.fi\/index.php?rest_route=\/wp\/v2\/pages\/83\/revisions"}],"predecessor-version":[{"id":1018,"href":"https:\/\/www.lampohuolto.fi\/index.php?rest_route=\/wp\/v2\/pages\/83\/revisions\/1018"}],"up":[{"embeddable":true,"href":"https:\/\/www.lampohuolto.fi\/index.php?rest_route=\/wp\/v2\/pages\/22"}],"wp:attachment":[{"href":"https:\/\/www.lampohuolto.fi\/index.php?rest_route=%2Fwp%2Fv2%2Fmedia&parent=83"}],"curies":[{"name":"wp","href":"https:\/\/api.w.org\/{rel}","templated":true}]}}