{"id":935,"date":"2021-07-17T14:30:44","date_gmt":"2021-07-17T11:30:44","guid":{"rendered":"https:\/\/lampohuolto.fi\/?page_id=935"},"modified":"2021-07-17T14:32:43","modified_gmt":"2021-07-17T11:32:43","slug":"2010-2015-tmp","status":"publish","type":"page","link":"https:\/\/www.lampohuolto.fi\/?page_id=935","title":{"rendered":"2011-2015"},"content":{"rendered":"<h3>L\u00e4mmitystarveluvut kuukausittain<\/h3>\n<h3>2011<\/h3>\n<p>tammikuu 729<br \/>\nhelmikuu 820<br \/>\nmaaliskuu 605<br \/>\nhuhtikuu 353<br \/>\ntoukokuu 157<br \/>\nkes\u00e4kuu 7<br \/>\nhein\u00e4kuu 0<br \/>\nelokuu 0<br \/>\nsyyskuu 114<br \/>\nlokakuu 343<br \/>\nmarraskuu 413<br \/>\njoulukuu 512<\/p>\n<p>yhteens\u00e4 4053<\/p>\n<h3>2012<\/h3>\n<p>tammikuu 734<br \/>\nhelmikuu 740<br \/>\nmaaliskuu 537<br \/>\nhuhtikuu 445<br \/>\ntoukokuu 179<br \/>\nkes\u00e4kuu 35<br \/>\nhein\u00e4kuu 0<br \/>\nelokuu 36,1<br \/>\nsyyskuu 188<br \/>\nlokakuu 413,4<br \/>\nmarraskuu 455,9<br \/>\njoulukuu 820,4<\/p>\n<p>yhteens\u00e4 4583,8<\/p>\n<h3>2013<\/h3>\n<p>tammikuu 708,5<br \/>\nhelmikuu 573,7<br \/>\nmaaliskuu 772,7<br \/>\nhuhtikuu 451,2<br \/>\ntoukokuu 81,6<br \/>\nkes\u00e4kuu 0<br \/>\nhein\u00e4kuu 0<br \/>\nelokuu 22,2<br \/>\nsyyskuu 123,0<br \/>\nlokakuu 379,8<br \/>\nmarraskuu 465,6<br \/>\njoulukuu 535,5<\/p>\n<p>yhteens\u00e4 4113,8<\/p>\n<h3>2014<\/h3>\n<p>tammikuu 811,9<br \/>\nhelmikuu 488,3<br \/>\nmaaliskuu 493,2<br \/>\nhuhtikuu 378,8<br \/>\ntoukokuu 218,4<br \/>\nkes\u00e4kuu 52,5<br \/>\nhein\u00e4kuu 5,9<br \/>\nelokuu 26,5<br \/>\nsyyskuu 130,0<br \/>\nlokakuu 388,8<br \/>\nmarraskuu 488,5<br \/>\njoulukuu 586,2<\/p>\n<h3>2015<\/h3>\n<p>tammikuu 646,2<br \/>\nhelmikuu 508,8<br \/>\nmaaliskuu 505,8<br \/>\nhuhtikuu 390,4<br \/>\ntoukokuu 208,3<br \/>\nkes\u00e4kuu 36,7<br \/>\nhein\u00e4kuu 0<br \/>\nelokuu 0<br \/>\nsyyskuu 125,4<br \/>\nlokakuu 385,7<br \/>\nmarraskuu 409,0<br \/>\njoulukuu 517,2<\/p>\n<p>&nbsp;<\/p>\n","protected":false},"excerpt":{"rendered":"<p>L\u00e4mmitystarveluvut kuukausittain 2011 tammikuu 729 helmikuu 820 maaliskuu 605 huhtikuu 353 toukokuu 157 kes\u00e4kuu 7 hein\u00e4kuu 0 elokuu 0 syyskuu 114 lokakuu 343 marraskuu 413 joulukuu 512 yhteens\u00e4 4053 2012 tammikuu 734 helmikuu 740 maaliskuu 537 huhtikuu 445 toukokuu 179 kes\u00e4kuu 35 hein\u00e4kuu 0 elokuu 36,1 syyskuu 188 lokakuu 413,4 marraskuu 455,9 joulukuu 820,4 yhteens\u00e4 &hellip; <a href=\"https:\/\/www.lampohuolto.fi\/?page_id=935\" class=\"more-link\">Jatka lukemista <span class=\"screen-reader-text\">2011-2015<\/span> <span class=\"meta-nav\">&rarr;<\/span><\/a><\/p>\n","protected":false},"author":1,"featured_media":0,"parent":22,"menu_order":0,"comment_status":"closed","ping_status":"closed","template":"page-templates\/real-full-width.php","meta":{"footnotes":""},"class_list":["post-935","page","type-page","status-publish","hentry"],"_links":{"self":[{"href":"https:\/\/www.lampohuolto.fi\/index.php?rest_route=\/wp\/v2\/pages\/935","targetHints":{"allow":["GET"]}}],"collection":[{"href":"https:\/\/www.lampohuolto.fi\/index.php?rest_route=\/wp\/v2\/pages"}],"about":[{"href":"https:\/\/www.lampohuolto.fi\/index.php?rest_route=\/wp\/v2\/types\/page"}],"author":[{"embeddable":true,"href":"https:\/\/www.lampohuolto.fi\/index.php?rest_route=\/wp\/v2\/users\/1"}],"replies":[{"embeddable":true,"href":"https:\/\/www.lampohuolto.fi\/index.php?rest_route=%2Fwp%2Fv2%2Fcomments&post=935"}],"version-history":[{"count":3,"href":"https:\/\/www.lampohuolto.fi\/index.php?rest_route=\/wp\/v2\/pages\/935\/revisions"}],"predecessor-version":[{"id":941,"href":"https:\/\/www.lampohuolto.fi\/index.php?rest_route=\/wp\/v2\/pages\/935\/revisions\/941"}],"up":[{"embeddable":true,"href":"https:\/\/www.lampohuolto.fi\/index.php?rest_route=\/wp\/v2\/pages\/22"}],"wp:attachment":[{"href":"https:\/\/www.lampohuolto.fi\/index.php?rest_route=%2Fwp%2Fv2%2Fmedia&parent=935"}],"curies":[{"name":"wp","href":"https:\/\/api.w.org\/{rel}","templated":true}]}}